{"id":6191,"date":"2017-01-17T17:51:21","date_gmt":"2017-01-17T16:51:21","guid":{"rendered":"https:\/\/www.ilpomodoropetti.com\/\/speciali-food-service\/?lang=en"},"modified":"2019-04-04T16:12:16","modified_gmt":"2019-04-04T14:12:16","slug":"peeled-datterini-tomatoes-gli-speciali","status":"publish","type":"page","link":"https:\/\/www.ilpomodoropetti.com\/en\/food-service\/peeled-datterini-tomatoes-gli-speciali\/","title":{"rendered":"Gli Speciali Food Service"},"content":{"rendered":"<div class=\"wpb-content-wrapper\"><p>[vc_row type=&#8221;vc_default&#8221; full_width=&#8221;stretch_row&#8221; equal_height=&#8221;yes&#8221; content_placement=&#8221;middle&#8221; bg_color=&#8221;#f5f5ef&#8221; bg_type=&#8221;bg_color&#8221; bg_override=&#8221;full&#8221; css=&#8221;.vc_custom_1482857860865{padding-top: 25px !important;padding-bottom: 25px !important;background-color: #f5f5ef !important;}&#8221; bg_color_value=&#8221;#f5f5ef&#8221;][vc_column width=&#8221;1\/2&#8243; el_class=&#8221;prod_firstimg&#8221; offset=&#8221;vc_col-lg-4 vc_col-md-6 vc_col-xs-12&#8243;][vc_single_image image=&#8221;14157&#8243; img_size=&#8221;full&#8221; alignment=&#8221;center&#8221;][\/vc_column][vc_column width=&#8221;1\/2&#8243; css=&#8221;.vc_custom_1484302940741{padding-right: 15px !important;}&#8221; el_class=&#8221;proddescc&#8221; offset=&#8221;vc_col-lg-4 vc_col-md-6 vc_col-xs-12&#8243;][vc_custom_heading text=&#8221;peeled tomatoes&#8221; font_container=&#8221;tag:h5|text_align:center|color:%23b33736&#8243; google_fonts=&#8221;font_family:Playfair%20Display%3Aregular%2Citalic%2C700%2C700italic%2C900%2C900italic|font_style:900%20bold%20regular%3A900%3Anormal&#8221; css=&#8221;.vc_custom_1487684472877{margin-bottom: 0px !important;}&#8221;][vc_custom_heading text=&#8221;Gli speciali&#8221; font_container=&#8221;tag:h2|text_align:center|color:%23252525&#8243; google_fonts=&#8221;font_family:Playfair%20Display%3Aregular%2Citalic%2C700%2C700italic%2C900%2C900italic|font_style:900%20bold%20regular%3A900%3Anormal&#8221; css=&#8221;.vc_custom_1484580990472{margin-bottom: 0px !important;}&#8221;][vc_custom_heading text=&#8221;PEELED DATTERINI TOMATOES&#8221; font_container=&#8221;tag:p|text_align:center|color:%23252525&#8243; use_theme_fonts=&#8221;yes&#8221; css=&#8221;.vc_custom_1487586905117{margin-bottom: 5px !important;}&#8221; el_class=&#8221;delicato_third_text&#8221;][vc_empty_space height=&#8221;10px&#8221;][vc_column_text css=&#8221;.vc_custom_1487587012418{margin-bottom: 10px !important;}&#8221;]Tuscan <strong>Datterini tomatoes<\/strong> are picked up by hand, peeled one by one and left whole in their juice, you only need to saut\u00e9 them in the pan together with extra virgin olive oil, a clove of garlic and two basil leaves to obtain a divine sauce, just like the one that you make in summer with <strong>fresh tomatoes<\/strong>.<br \/>\n[\/vc_column_text][vc_empty_space height=&#8221;10px&#8221;][vc_row_inner][vc_column_inner width=&#8221;1\/2&#8243; offset=&#8221;vc_col-lg-6 vc_hidden-lg vc_col-md-6 vc_hidden-md vc_hidden-sm vc_col-xs-6 vc_hidden-xs&#8221;][vc_column_text el_class=&#8221;btm_lx&#8221;]<a href=\"#\"><img loading=\"lazy\" decoding=\"async\" class=\"size-full wp-image-1865 aligncenter\" src=\"https:\/\/www.ilpomodoropetti.com\/wp-content\/uploads\/2016\/12\/icona_shop.png\" alt=\"\" width=\"45\" height=\"39\" \/><strong style=\"color: #7e1e10; display: block; text-align: center;\">ACQUISTA<\/strong><\/a>[\/vc_column_text][\/vc_column_inner][vc_column_inner el_class=&#8221;social-out&#8221; width=&#8221;1\/2&#8243; offset=&#8221;vc_col-lg-6 vc_col-md-6 vc_col-xs-6&#8243;][vc_column_text el_class=&#8221;btm_lx addto-share&#8221;]<div class=\"addtoany_shortcode\"><div class=\"a2a_kit a2a_kit_size_16 addtoany_list\" data-a2a-url=\"https:\/\/www.ilpomodoropetti.com\/en\/food-service\/peeled-datterini-tomatoes-gli-speciali\/\" data-a2a-title=\"Gli Speciali Food Service\"><a class=\"a2a_dd addtoany_no_icon addtoany_share_save addtoany_share\" href=\"https:\/\/www.addtoany.com\/share\">Share<\/a><\/div><\/div>[\/vc_column_text][\/vc_column_inner][\/vc_row_inner][\/vc_column][vc_column el_class=&#8221;prod_secondcol&#8221; offset=&#8221;vc_col-lg-4 vc_col-md-12 vc_col-xs-12&#8243; css=&#8221;.vc_custom_1484307034031{padding-left: 0px !important;}&#8221;][vc_row_inner css=&#8221;.vc_custom_1484307039257{padding-left: 0px !important;}&#8221;][vc_column_inner css=&#8221;.vc_custom_1484307044769{padding-left: 0px !important;}&#8221;][vc_column_text]<a class=\"back_link\" href=\"https:\/\/www.ilpomodoropetti.com\/en\/food-service\/\"><img loading=\"lazy\" decoding=\"async\" class=\"size-full wp-image-1672 alignleft\" src=\"https:\/\/www.ilpomodoropetti.com\/wp-content\/uploads\/2016\/12\/freccia_petti.png\" alt=\"\" width=\"29\" height=\"30\" \/><strong>Back to Food Service<\/strong><\/a>[\/vc_column_text][vc_column_text css=&#8221;.vc_custom_1529060102716{border-left-width: 2px !important;padding-top: 5px !important;padding-bottom: 5px !important;padding-left: 36px !important;border-left-color: #e3e3df !important;border-left-style: solid !important;}&#8221;]<\/p>\n<h4 class=\"deta_right\"><strong>Ingredients<\/strong><img loading=\"lazy\" decoding=\"async\" class=\"size-full wp-image-1989\" src=\"https:\/\/www.ilpomodoropetti.com\/wp-content\/uploads\/2016\/12\/icon_ingredienti_petti_2.png\" alt=\"Fromati\" width=\"59\" height=\"42\" \/><\/h4>\n<p style=\"font-family: 'Libre Baskerville', serif; color: #252525 !important; padding-left: 10px; margin-bottom: 25px;\">Datterini tomatoes\u00a0(70%)<br \/>\nDatterini tomatoes juice<\/p>\n<div class=\"midline\"><\/div>\n<h4 class=\"deta_right\" style=\"padding-top: 10px;\"><strong>Sizes<\/strong><img loading=\"lazy\" decoding=\"async\" class=\"alignnone wp-image-1988 size-full\" src=\"https:\/\/www.ilpomodoropetti.com\/wp-content\/uploads\/2016\/12\/icon_formati_petti.png\" width=\"39\" height=\"49\" \/><\/h4>\n<table class=\"tabledots\" style=\"height: 25px;\" width=\"173\">\n<tbody>\n<tr>\n<td><span style=\"color: inherit;\">Can<\/span><\/td>\n<td><span style=\"color: inherit;\">2,5kg, 6&#215;2,5kg<\/span><\/td>\n<\/tr>\n<tr>\n<td><span style=\"color: inherit;\">Can<\/span><\/td>\n<td><span style=\"color: inherit;\">4,5 Kg, 6&#215;4,5 Kg <\/span><\/td>\n<\/tr>\n<\/tbody>\n<\/table>\n<p>[\/vc_column_text][\/vc_column_inner][\/vc_row_inner][vc_custom_heading google_fonts=&#8221;font_family:Libre%20Baskerville%3Aregular%2Citalic%2C700|font_style:400%20regular%3A400%3Anormal&#8221; el_class=&#8221;hiden&#8221;][\/vc_column][vc_column el_class=&#8221;del_arro_group&#8221; css=&#8221;.vc_custom_1484298950480{padding-top: 0px !important;padding-right: 0px !important;padding-bottom: 0px !important;padding-left: 0px !important;}&#8221;][vc_icon type=&#8221;material&#8221; icon_material=&#8221;vc-material vc-material-keyboard_arrow_left&#8221; color=&#8221;custom&#8221; size=&#8221;lg&#8221; custom_color=&#8221;#7e040f&#8221; link=&#8221;url:https%3A%2F%2Fwww.ilpomodoropetti.com%2Fen%2Fgran-polposo-food-service%2F|||&#8221; el_class=&#8221;del_arr_left&#8221; css=&#8221;.vc_custom_1487684514506{margin-bottom: 0px !important;}&#8221;][vc_icon type=&#8221;material&#8221; icon_material=&#8221;vc-material vc-material-keyboard_arrow_right&#8221; color=&#8221;custom&#8221; size=&#8221;lg&#8221; custom_color=&#8221;#7e040f&#8221; link=&#8221;url:https%3A%2F%2Fwww.ilpomodoropetti.com%2Fen%2Fsuccosi-food-service%2F|||&#8221; el_class=&#8221;del_arr_right&#8221; css=&#8221;.vc_custom_1487684528320{margin-bottom: 0px !important;}&#8221;][\/vc_column][\/vc_row][vc_row full_width_row=&#8221;true&#8221;][vc_column][vc_empty_space][vc_row_inner][vc_column_inner width=&#8221;1\/3&#8243;][\/vc_column_inner][vc_column_inner width=&#8221;1\/3&#8243;][vc_custom_heading text=&#8221;Sizes&#8221; font_container=&#8221;tag:h3|text_align:center&#8221; use_theme_fonts=&#8221;yes&#8221;][vc_separator color=&#8221;custom&#8221; el_width=&#8221;20&#8243; accent_color=&#8221;#77010d&#8221;][\/vc_column_inner][vc_column_inner width=&#8221;1\/3&#8243;][\/vc_column_inner][\/vc_row_inner][vc_empty_space height=&#8221;14px&#8221;]<div id=\"ult-carousel-389625601469e66bccd4ff0\" class=\"ult-carousel-wrapper  vc_custom_1481881492158  ult_full_width\" data-gutter=\"5\" data-rtl=\"false\" ><div class=\"ult-carousel-152744664369e66bccd4ef3 \" >[vc_single_image image=&#8221;9284&#8243; img_size=&#8221;844 \u00d7 662&#8243; alignment=&#8221;center&#8221;][vc_single_image image=&#8221;14228&#8243; img_size=&#8221;844 \u00d7 662&#8243; alignment=&#8221;center&#8221;][vc_single_image image=&#8221;9284&#8243; img_size=&#8221;844 \u00d7 662&#8243; alignment=&#8221;center&#8221;]<\/div><\/div>\t\t\t<script type=\"text\/javascript\">\n\t\t\t\tjQuery(document).ready(function ($) {\n\t\t\t\t\tif( typeof jQuery('.ult-carousel-152744664369e66bccd4ef3').slick == \"function\"){\n\t\t\t\t\t\t$('.ult-carousel-152744664369e66bccd4ef3').slick({dots: false,autoplaySpeed: \"5000\",speed: \"300\",infinite: true,arrows: true,nextArrow: '<button type=\"button\" role=\"button\" aria-label=\"Next\" style=\"color:#a8a8a5; font-size:40px;\" class=\"slick-next default\"><i class=\"ultsl-arrow-right4\"><\/i><\/button>',prevArrow: '<button type=\"button\" role=\"button\" aria-label=\"Previous\" style=\"color:#a8a8a5; font-size:40px;\" class=\"slick-prev default\"><i class=\"ultsl-arrow-left4\"><\/i><\/button>',slidesToScroll:3,slidesToShow:3,swipe: true,draggable: true,touchMove: true,pauseOnHover: true,pauseOnFocus: false,responsive: [\n\t\t\t\t\t\t\t{\n\t\t\t\t\t\t\t  breakpoint: 1026,\n\t\t\t\t\t\t\t  settings: {\n\t\t\t\t\t\t\t\tslidesToShow: 3,\n\t\t\t\t\t\t\t\tslidesToScroll: 3,  \n\t\t\t\t\t\t\t  }\n\t\t\t\t\t\t\t},\n\t\t\t\t\t\t\t{\n\t\t\t\t\t\t\t  breakpoint: 1025,\n\t\t\t\t\t\t\t  settings: {\n\t\t\t\t\t\t\t\tslidesToShow: 2,\n\t\t\t\t\t\t\t\tslidesToScroll: 2\n\t\t\t\t\t\t\t  }\n\t\t\t\t\t\t\t},\n\t\t\t\t\t\t\t{\n\t\t\t\t\t\t\t  breakpoint: 760,\n\t\t\t\t\t\t\t  settings: {\n\t\t\t\t\t\t\t\tslidesToShow: 1,\n\t\t\t\t\t\t\t\tslidesToScroll: 1\n\t\t\t\t\t\t\t  }\n\t\t\t\t\t\t\t}\n\t\t\t\t\t\t],pauseOnDotsHover: true,customPaging: function(slider, i) {\n                   return '<i type=\"button\" style= \"color:#333333;\" class=\"ultsl-record\" data-role=\"none\"><\/i>';\n                },});\n\t\t\t\t\t}\n\t\t\t\t});\n\t\t\t<\/script>\n\t\t\t[\/vc_column][\/vc_row]<\/p>\n<\/div>","protected":false},"excerpt":{"rendered":"<p>[vc_row type=&#8221;vc_default&#8221; full_width=&#8221;stretch_row&#8221; equal_height=&#8221;yes&#8221; content_placement=&#8221;middle&#8221; bg_color=&#8221;#f5f5ef&#8221; bg_type=&#8221;bg_color&#8221; bg_override=&#8221;full&#8221; css=&#8221;.vc_custom_1482857860865{padding-top: 25px !important;padding-bottom: 25px !important;background-color: #f5f5ef !important;}&#8221; bg_color_value=&#8221;#f5f5ef&#8221;][vc_column width=&#8221;1\/2&#8243; el_class=&#8221;prod_firstimg&#8221; offset=&#8221;vc_col-lg-4 vc_col-md-6 vc_col-xs-12&#8243;][vc_single_image image=&#8221;14157&#8243; img_size=&#8221;full&#8221; alignment=&#8221;center&#8221;][\/vc_column][vc_column width=&#8221;1\/2&#8243; css=&#8221;.vc_custom_1484302940741{padding-right: 15px !important;}&#8221; el_class=&#8221;proddescc&#8221; offset=&#8221;vc_col-lg-4 vc_col-md-6 vc_col-xs-12&#8243;][vc_custom_heading text=&#8221;peeled tomatoes&#8221; font_container=&#8221;tag:h5|text_align:center|color:%23b33736&#8243; google_fonts=&#8221;font_family:Playfair%20Display%3Aregular%2Citalic%2C700%2C700italic%2C900%2C900italic|font_style:900%20bold%20regular%3A900%3Anormal&#8221; css=&#8221;.vc_custom_1487684472877{margin-bottom: 0px !important;}&#8221;][vc_custom_heading text=&#8221;Gli speciali&#8221; font_container=&#8221;tag:h2|text_align:center|color:%23252525&#8243; google_fonts=&#8221;font_family:Playfair%20Display%3Aregular%2Citalic%2C700%2C700italic%2C900%2C900italic|font_style:900%20bold%20regular%3A900%3Anormal&#8221; css=&#8221;.vc_custom_1484580990472{margin-bottom: 0px !important;}&#8221;][vc_custom_heading text=&#8221;PEELED DATTERINI TOMATOES&#8221; font_container=&#8221;tag:p|text_align:center|color:%23252525&#8243; use_theme_fonts=&#8221;yes&#8221; css=&#8221;.vc_custom_1487586905117{margin-bottom: 5px !important;}&#8221; el_class=&#8221;delicato_third_text&#8221;][vc_empty_space&hellip;<\/p>\n","protected":false},"author":10,"featured_media":0,"parent":6265,"menu_order":0,"comment_status":"closed","ping_status":"closed","template":"","meta":{"_acf_changed":false,"footnotes":""},"class_list":["post-6191","page","type-page","status-publish","hentry","description-off"],"acf":[],"yoast_head":"<!-- This site is optimized with the Yoast SEO plugin v27.4 - https:\/\/yoast.com\/product\/yoast-seo-wordpress\/ -->\n<title>Gli speciali food service - Tomato comes first | Petti<\/title>\n<meta name=\"description\" content=\"Gli speciali food service - Learn more about Petti, the Italian Tomato. Visit now our website!\" \/>\n<meta name=\"robots\" content=\"index, follow, max-snippet:-1, max-image-preview:large, max-video-preview:-1\" \/>\n<link rel=\"canonical\" href=\"https:\/\/www.ilpomodoropetti.com\/en\/food-service\/peeled-datterini-tomatoes-gli-speciali\/\" \/>\n<meta property=\"og:locale\" content=\"en_US\" \/>\n<meta property=\"og:type\" content=\"article\" \/>\n<meta property=\"og:title\" content=\"Gli speciali food service - Tomato comes first | Petti\" \/>\n<meta property=\"og:description\" content=\"Gli speciali food service - Learn more about Petti, the Italian Tomato. Visit now our website!\" \/>\n<meta property=\"og:url\" content=\"https:\/\/www.ilpomodoropetti.com\/en\/food-service\/peeled-datterini-tomatoes-gli-speciali\/\" \/>\n<meta property=\"og:site_name\" content=\"Il pomodoro Petti\" \/>\n<meta property=\"article:publisher\" content=\"https:\/\/www.facebook.com\/PettiPomodoro\/\" \/>\n<meta property=\"article:modified_time\" content=\"2019-04-04T14:12:16+00:00\" \/>\n<meta property=\"og:image\" content=\"https:\/\/www.ilpomodoropetti.com\/wp-content\/uploads\/2016\/12\/icona_shop.png\" \/>\n<meta name=\"twitter:card\" content=\"summary_large_image\" \/>\n<meta name=\"twitter:site\" content=\"@pettipomodoro\" \/>\n<meta name=\"twitter:label1\" content=\"Est. reading time\" \/>\n\t<meta name=\"twitter:data1\" content=\"4 minutes\" \/>\n<script type=\"application\/ld+json\" class=\"yoast-schema-graph\">{\"@context\":\"https:\\\/\\\/schema.org\",\"@graph\":[{\"@type\":\"WebPage\",\"@id\":\"https:\\\/\\\/www.ilpomodoropetti.com\\\/en\\\/food-service\\\/peeled-datterini-tomatoes-gli-speciali\\\/\",\"url\":\"https:\\\/\\\/www.ilpomodoropetti.com\\\/en\\\/food-service\\\/peeled-datterini-tomatoes-gli-speciali\\\/\",\"name\":\"Gli speciali food service - Tomato comes first | Petti\",\"isPartOf\":{\"@id\":\"https:\\\/\\\/www.ilpomodoropetti.com\\\/#website\"},\"primaryImageOfPage\":{\"@id\":\"https:\\\/\\\/www.ilpomodoropetti.com\\\/en\\\/food-service\\\/peeled-datterini-tomatoes-gli-speciali\\\/#primaryimage\"},\"image\":{\"@id\":\"https:\\\/\\\/www.ilpomodoropetti.com\\\/en\\\/food-service\\\/peeled-datterini-tomatoes-gli-speciali\\\/#primaryimage\"},\"thumbnailUrl\":\"https:\\\/\\\/www.ilpomodoropetti.com\\\/wp-content\\\/uploads\\\/2016\\\/12\\\/icona_shop.png\",\"datePublished\":\"2017-01-17T16:51:21+00:00\",\"dateModified\":\"2019-04-04T14:12:16+00:00\",\"description\":\"Gli speciali food service - Learn more about Petti, the Italian Tomato. Visit now our website!\",\"breadcrumb\":{\"@id\":\"https:\\\/\\\/www.ilpomodoropetti.com\\\/en\\\/food-service\\\/peeled-datterini-tomatoes-gli-speciali\\\/#breadcrumb\"},\"inLanguage\":\"en-US\",\"potentialAction\":[{\"@type\":\"ReadAction\",\"target\":[\"https:\\\/\\\/www.ilpomodoropetti.com\\\/en\\\/food-service\\\/peeled-datterini-tomatoes-gli-speciali\\\/\"]}]},{\"@type\":\"ImageObject\",\"inLanguage\":\"en-US\",\"@id\":\"https:\\\/\\\/www.ilpomodoropetti.com\\\/en\\\/food-service\\\/peeled-datterini-tomatoes-gli-speciali\\\/#primaryimage\",\"url\":\"https:\\\/\\\/www.ilpomodoropetti.com\\\/wp-content\\\/uploads\\\/2016\\\/12\\\/icona_shop.png\",\"contentUrl\":\"https:\\\/\\\/www.ilpomodoropetti.com\\\/wp-content\\\/uploads\\\/2016\\\/12\\\/icona_shop.png\"},{\"@type\":\"BreadcrumbList\",\"@id\":\"https:\\\/\\\/www.ilpomodoropetti.com\\\/en\\\/food-service\\\/peeled-datterini-tomatoes-gli-speciali\\\/#breadcrumb\",\"itemListElement\":[{\"@type\":\"ListItem\",\"position\":1,\"name\":\"Home\",\"item\":\"https:\\\/\\\/www.ilpomodoropetti.com\\\/en\\\/\"},{\"@type\":\"ListItem\",\"position\":2,\"name\":\"Food Service\",\"item\":\"https:\\\/\\\/www.ilpomodoropetti.com\\\/en\\\/food-service\\\/\"},{\"@type\":\"ListItem\",\"position\":3,\"name\":\"Gli Speciali Food Service\"}]},{\"@type\":\"WebSite\",\"@id\":\"https:\\\/\\\/www.ilpomodoropetti.com\\\/#website\",\"url\":\"https:\\\/\\\/www.ilpomodoropetti.com\\\/\",\"name\":\"Il pomodoro Petti\",\"description\":\"Passate, Polpe, Concentrat, Bio, 100% Toscano\",\"publisher\":{\"@id\":\"https:\\\/\\\/www.ilpomodoropetti.com\\\/#organization\"},\"potentialAction\":[{\"@type\":\"SearchAction\",\"target\":{\"@type\":\"EntryPoint\",\"urlTemplate\":\"https:\\\/\\\/www.ilpomodoropetti.com\\\/?s={search_term_string}\"},\"query-input\":{\"@type\":\"PropertyValueSpecification\",\"valueRequired\":true,\"valueName\":\"search_term_string\"}}],\"inLanguage\":\"en-US\"},{\"@type\":\"Organization\",\"@id\":\"https:\\\/\\\/www.ilpomodoropetti.com\\\/#organization\",\"name\":\"Petti - Il pomodoro al centro\",\"url\":\"https:\\\/\\\/www.ilpomodoropetti.com\\\/\",\"logo\":{\"@type\":\"ImageObject\",\"inLanguage\":\"en-US\",\"@id\":\"https:\\\/\\\/www.ilpomodoropetti.com\\\/#\\\/schema\\\/logo\\\/image\\\/\",\"url\":\"https:\\\/\\\/www.ilpomodoropetti.com\\\/wp-content\\\/uploads\\\/2016\\\/12\\\/illogo_petti.png\",\"contentUrl\":\"https:\\\/\\\/www.ilpomodoropetti.com\\\/wp-content\\\/uploads\\\/2016\\\/12\\\/illogo_petti.png\",\"width\":122,\"height\":109,\"caption\":\"Petti - Il pomodoro al centro\"},\"image\":{\"@id\":\"https:\\\/\\\/www.ilpomodoropetti.com\\\/#\\\/schema\\\/logo\\\/image\\\/\"},\"sameAs\":[\"https:\\\/\\\/www.facebook.com\\\/PettiPomodoro\\\/\",\"https:\\\/\\\/x.com\\\/pettipomodoro\",\"https:\\\/\\\/www.instagram.com\\\/pettipomodoro\\\/\",\"https:\\\/\\\/www.youtube.com\\\/channel\\\/UCzM1Ud4-dDEZAYDQwKi9AlQ\\\/\"]}]}<\/script>\n<!-- \/ Yoast SEO plugin. -->","yoast_head_json":{"title":"Gli speciali food service - Tomato comes first | Petti","description":"Gli speciali food service - Learn more about Petti, the Italian Tomato. Visit now our website!","robots":{"index":"index","follow":"follow","max-snippet":"max-snippet:-1","max-image-preview":"max-image-preview:large","max-video-preview":"max-video-preview:-1"},"canonical":"https:\/\/www.ilpomodoropetti.com\/en\/food-service\/peeled-datterini-tomatoes-gli-speciali\/","og_locale":"en_US","og_type":"article","og_title":"Gli speciali food service - Tomato comes first | Petti","og_description":"Gli speciali food service - Learn more about Petti, the Italian Tomato. Visit now our website!","og_url":"https:\/\/www.ilpomodoropetti.com\/en\/food-service\/peeled-datterini-tomatoes-gli-speciali\/","og_site_name":"Il pomodoro Petti","article_publisher":"https:\/\/www.facebook.com\/PettiPomodoro\/","article_modified_time":"2019-04-04T14:12:16+00:00","og_image":[{"url":"https:\/\/www.ilpomodoropetti.com\/wp-content\/uploads\/2016\/12\/icona_shop.png","type":"","width":"","height":""}],"twitter_card":"summary_large_image","twitter_site":"@pettipomodoro","twitter_misc":{"Est. reading time":"4 minutes"},"schema":{"@context":"https:\/\/schema.org","@graph":[{"@type":"WebPage","@id":"https:\/\/www.ilpomodoropetti.com\/en\/food-service\/peeled-datterini-tomatoes-gli-speciali\/","url":"https:\/\/www.ilpomodoropetti.com\/en\/food-service\/peeled-datterini-tomatoes-gli-speciali\/","name":"Gli speciali food service - Tomato comes first | Petti","isPartOf":{"@id":"https:\/\/www.ilpomodoropetti.com\/#website"},"primaryImageOfPage":{"@id":"https:\/\/www.ilpomodoropetti.com\/en\/food-service\/peeled-datterini-tomatoes-gli-speciali\/#primaryimage"},"image":{"@id":"https:\/\/www.ilpomodoropetti.com\/en\/food-service\/peeled-datterini-tomatoes-gli-speciali\/#primaryimage"},"thumbnailUrl":"https:\/\/www.ilpomodoropetti.com\/wp-content\/uploads\/2016\/12\/icona_shop.png","datePublished":"2017-01-17T16:51:21+00:00","dateModified":"2019-04-04T14:12:16+00:00","description":"Gli speciali food service - Learn more about Petti, the Italian Tomato. Visit now our website!","breadcrumb":{"@id":"https:\/\/www.ilpomodoropetti.com\/en\/food-service\/peeled-datterini-tomatoes-gli-speciali\/#breadcrumb"},"inLanguage":"en-US","potentialAction":[{"@type":"ReadAction","target":["https:\/\/www.ilpomodoropetti.com\/en\/food-service\/peeled-datterini-tomatoes-gli-speciali\/"]}]},{"@type":"ImageObject","inLanguage":"en-US","@id":"https:\/\/www.ilpomodoropetti.com\/en\/food-service\/peeled-datterini-tomatoes-gli-speciali\/#primaryimage","url":"https:\/\/www.ilpomodoropetti.com\/wp-content\/uploads\/2016\/12\/icona_shop.png","contentUrl":"https:\/\/www.ilpomodoropetti.com\/wp-content\/uploads\/2016\/12\/icona_shop.png"},{"@type":"BreadcrumbList","@id":"https:\/\/www.ilpomodoropetti.com\/en\/food-service\/peeled-datterini-tomatoes-gli-speciali\/#breadcrumb","itemListElement":[{"@type":"ListItem","position":1,"name":"Home","item":"https:\/\/www.ilpomodoropetti.com\/en\/"},{"@type":"ListItem","position":2,"name":"Food Service","item":"https:\/\/www.ilpomodoropetti.com\/en\/food-service\/"},{"@type":"ListItem","position":3,"name":"Gli Speciali Food Service"}]},{"@type":"WebSite","@id":"https:\/\/www.ilpomodoropetti.com\/#website","url":"https:\/\/www.ilpomodoropetti.com\/","name":"Il pomodoro Petti","description":"Passate, Polpe, Concentrat, Bio, 100% Toscano","publisher":{"@id":"https:\/\/www.ilpomodoropetti.com\/#organization"},"potentialAction":[{"@type":"SearchAction","target":{"@type":"EntryPoint","urlTemplate":"https:\/\/www.ilpomodoropetti.com\/?s={search_term_string}"},"query-input":{"@type":"PropertyValueSpecification","valueRequired":true,"valueName":"search_term_string"}}],"inLanguage":"en-US"},{"@type":"Organization","@id":"https:\/\/www.ilpomodoropetti.com\/#organization","name":"Petti - Il pomodoro al centro","url":"https:\/\/www.ilpomodoropetti.com\/","logo":{"@type":"ImageObject","inLanguage":"en-US","@id":"https:\/\/www.ilpomodoropetti.com\/#\/schema\/logo\/image\/","url":"https:\/\/www.ilpomodoropetti.com\/wp-content\/uploads\/2016\/12\/illogo_petti.png","contentUrl":"https:\/\/www.ilpomodoropetti.com\/wp-content\/uploads\/2016\/12\/illogo_petti.png","width":122,"height":109,"caption":"Petti - Il pomodoro al centro"},"image":{"@id":"https:\/\/www.ilpomodoropetti.com\/#\/schema\/logo\/image\/"},"sameAs":["https:\/\/www.facebook.com\/PettiPomodoro\/","https:\/\/x.com\/pettipomodoro","https:\/\/www.instagram.com\/pettipomodoro\/","https:\/\/www.youtube.com\/channel\/UCzM1Ud4-dDEZAYDQwKi9AlQ\/"]}]}},"_links":{"self":[{"href":"https:\/\/www.ilpomodoropetti.com\/en\/wp-json\/wp\/v2\/pages\/6191","targetHints":{"allow":["GET"]}}],"collection":[{"href":"https:\/\/www.ilpomodoropetti.com\/en\/wp-json\/wp\/v2\/pages"}],"about":[{"href":"https:\/\/www.ilpomodoropetti.com\/en\/wp-json\/wp\/v2\/types\/page"}],"author":[{"embeddable":true,"href":"https:\/\/www.ilpomodoropetti.com\/en\/wp-json\/wp\/v2\/users\/10"}],"replies":[{"embeddable":true,"href":"https:\/\/www.ilpomodoropetti.com\/en\/wp-json\/wp\/v2\/comments?post=6191"}],"version-history":[{"count":10,"href":"https:\/\/www.ilpomodoropetti.com\/en\/wp-json\/wp\/v2\/pages\/6191\/revisions"}],"predecessor-version":[{"id":14232,"href":"https:\/\/www.ilpomodoropetti.com\/en\/wp-json\/wp\/v2\/pages\/6191\/revisions\/14232"}],"up":[{"embeddable":true,"href":"https:\/\/www.ilpomodoropetti.com\/en\/wp-json\/wp\/v2\/pages\/6265"}],"wp:attachment":[{"href":"https:\/\/www.ilpomodoropetti.com\/en\/wp-json\/wp\/v2\/media?parent=6191"}],"curies":[{"name":"wp","href":"https:\/\/api.w.org\/{rel}","templated":true}]}}