{"id":14873,"date":"2019-05-23T15:21:00","date_gmt":"2019-05-23T13:21:00","guid":{"rendered":"https:\/\/www.ilpomodoropetti.com\/\/?page_id=14873"},"modified":"2026-03-15T12:38:07","modified_gmt":"2026-03-15T11:38:07","slug":"sauce-tomate-aux-aubergines","status":"publish","type":"page","link":"https:\/\/www.ilpomodoropetti.com\/fr\/sauces\/sauce-tomate-aux-aubergines\/","title":{"rendered":"Sauce tomate aux aubergines"},"content":{"rendered":"<div class=\"wpb-content-wrapper\"><p>[vc_row type=\u00a0\u00bbvc_default\u00a0\u00bb full_width=\u00a0\u00bbstretch_row\u00a0\u00bb equal_height=\u00a0\u00bbyes\u00a0\u00bb content_placement=\u00a0\u00bbmiddle\u00a0\u00bb bg_color=\u00a0\u00bb#f5f5ef\u00a0\u00bb bg_type=\u00a0\u00bbbg_color\u00a0\u00bb bg_override=\u00a0\u00bbfull\u00a0\u00bb css=\u00a0\u00bb.vc_custom_1482857860865{padding-top: 25px !important;padding-bottom: 25px !important;background-color: #f5f5ef !important;}\u00a0\u00bb bg_color_value=\u00a0\u00bb#f5f5ef\u00a0\u00bb][vc_column width=\u00a0\u00bb1\/2&Prime; el_class=\u00a0\u00bbprod_firstimg\u00a0\u00bb offset=\u00a0\u00bbvc_col-lg-4 vc_col-md-6 vc_col-xs-12&Prime;][vc_single_image image=\u00a0\u00bb14773&Prime; img_size=\u00a0\u00bbfull\u00a0\u00bb alignment=\u00a0\u00bbcenter\u00a0\u00bb][\/vc_column][vc_column width=\u00a0\u00bb1\/2&Prime; css=\u00a0\u00bb.vc_custom_1484302940741{padding-right: 15px !important;}\u00a0\u00bb el_class=\u00a0\u00bbproddescc\u00a0\u00bb offset=\u00a0\u00bbvc_col-lg-4 vc_col-md-6 vc_col-xs-12&Prime;][vc_custom_heading text=\u00a0\u00bbLes Sauces\u00a0\u00bb font_container=\u00a0\u00bbtag:h5|text_align:center|color:%23b33736&Prime; google_fonts=\u00a0\u00bbfont_family:Playfair%20Display%3Aregular%2Citalic%2C700%2C700italic%2C900%2C900italic|font_style:900%20bold%20regular%3A900%3Anormal\u00a0\u00bb css=\u00a0\u00bb.vc_custom_1558427507010{margin-bottom: 0px !important;}\u00a0\u00bb][vc_custom_heading text=\u00a0\u00bbSauce tomate aux aubergines\u00a0\u00bb font_container=\u00a0\u00bbtag:h1|font_size:42px|text_align:center|color:%23252525|line_height:50px\u00a0\u00bb google_fonts=\u00a0\u00bbfont_family:Playfair%20Display%3Aregular%2Citalic%2C700%2C700italic%2C900%2C900italic|font_style:900%20bold%20regular%3A900%3Anormal\u00a0\u00bb css=\u00a0\u00bb.vc_custom_1557481651501{margin-bottom: 0px !important;}\u00a0\u00bb][vc_empty_space height=\u00a0\u00bb15px\u00a0\u00bb][vc_column_text css=\u00a0\u00bb.vc_custom_1711387656581{margin-bottom: 10px !important;}\u00a0\u00bb]Une recette go\u00fbteuse et traditionnelle qui marie la texture pulpeuse et juteuse de l\u2019aubergine \u00e0 la douceur naturelle de la tomate toscane pour cr\u00e9er une d\u00e9licate harmonie.<br \/>\nLes sauces Petti, sans gluten et sans conservateurs, sont destin\u00e9es \u00e0 tous les amateurs de la bonne cuisine italienne et germent de notre passion pour la transformation de la tomate de qualit\u00e9 et de nos efforts constants pour proposer des produits sains au go\u00fbt authentique. R\u00e9alis\u00e9es dans les r\u00e8gles de l\u2019art pour conqu\u00e9rir les plus fins gourmets, elles sont pratiques et rapides et offrent une excellente alternative lorsque l\u2019on manque de temps pour cuisiner, sans renoncer aux saveurs authentiques de la tradition italienne ni aux ingr\u00e9dients de premier choix. Sur l\u2019\u00e9tiquette, la photo des ingr\u00e9dients r\u00e9els invite \u00e0 les d\u00e9vorer des yeux et \u00e0 choisir sa sauce tomate pr\u00e9f\u00e9r\u00e9e parmi les \u00e9l\u00e9gants bocaux de verre.[\/vc_column_text][vc_row_inner][vc_column_inner el_class=\u00a0\u00bbnascondi-in-traduzione\u00a0\u00bb width=\u00a0\u00bb1\/2&Prime; offset=\u00a0\u00bbvc_col-lg-6 vc_col-md-6 vc_col-xs-6&Prime;][vc_column_text el_class=\u00a0\u00bbbtm_lx\u00a0\u00bb]<a href=\"https:\/\/www.japal.it\/it\/pomodoro-petti\" target=\"blank\" rel=\"noopener noreferrer\"><img loading=\"lazy\" decoding=\"async\" class=\"size-full wp-image-1865 aligncenter\" src=\"https:\/\/www.ilpomodoropetti.com\/wp-content\/uploads\/2016\/12\/icona_shop.png\" alt=\"\" width=\"45\" height=\"39\" \/><strong style=\"color: #7e1e10; display: block; text-align: center;\">ACQUISTA<\/strong><\/a>[\/vc_column_text][\/vc_column_inner][vc_column_inner el_class=\u00a0\u00bbsocial-out\u00a0\u00bb width=\u00a0\u00bb1\/2&Prime; offset=\u00a0\u00bbvc_col-lg-6 vc_col-md-6 vc_col-xs-6&Prime;][vc_column_text el_class=\u00a0\u00bbbtm_lx addto-share\u00a0\u00bb]<div class=\"addtoany_shortcode\"><div class=\"a2a_kit a2a_kit_size_16 addtoany_list\" data-a2a-url=\"https:\/\/www.ilpomodoropetti.com\/fr\/sauces\/sauce-tomate-aux-aubergines\/\" data-a2a-title=\"Sauce tomate aux aubergines\"><a class=\"a2a_dd addtoany_no_icon addtoany_share_save addtoany_share\" href=\"https:\/\/www.addtoany.com\/share\">Share<\/a><\/div><\/div>[\/vc_column_text][\/vc_column_inner][\/vc_row_inner][\/vc_column][vc_column el_class=\u00a0\u00bbprod_secondcol\u00a0\u00bb offset=\u00a0\u00bbvc_col-lg-4 vc_col-md-12 vc_col-xs-12&Prime; css=\u00a0\u00bb.vc_custom_1484307034031{padding-left: 0px !important;}\u00a0\u00bb][vc_row_inner css=\u00a0\u00bb.vc_custom_1484307039257{padding-left: 0px !important;}\u00a0\u00bb][vc_column_inner css=\u00a0\u00bb.vc_custom_1484307044769{padding-left: 0px !important;}\u00a0\u00bb][vc_column_text el_class=\u00a0\u00bbback-link-cont\u00a0\u00bb]<a href=\"https:\/\/www.ilpomodoropetti.com\/fr\/sauces\/\"><img loading=\"lazy\" decoding=\"async\" class=\"size-full wp-image-1672 alignleft\" src=\"https:\/\/www.ilpomodoropetti.com\/wp-content\/uploads\/2016\/12\/freccia_petti.png\" alt=\"\" width=\"29\" height=\"30\" \/><\/a><a class=\"back_link2\" href=\"https:\/\/www.ilpomodoropetti.com\/fr\/sauces\/\"><strong>Revenir \u00e0 sauces<\/strong><\/a>[\/vc_column_text][vc_column_text css=\u00a0\u00bb.vc_custom_1558081728494{border-left-width: 2px !important;padding-top: 5px !important;padding-bottom: 5px !important;padding-left: 36px !important;border-left-color: #e3e3df !important;border-left-style: solid !important;}\u00a0\u00bb]<\/p>\n<h4 class=\"deta_right\"><strong>Ingr\u00e9dients<\/strong><img loading=\"lazy\" decoding=\"async\" class=\"size-full wp-image-1989\" src=\"https:\/\/www.ilpomodoropetti.com\/wp-content\/uploads\/2016\/12\/icon_ingredienti_petti_2.png\" alt=\"Fromati\" width=\"59\" height=\"42\" \/><\/h4>\n<p style=\"font-family: 'Libre Baskerville', serif; color: #252525 !important; padding-left: 10px; margin-bottom: 25px;\">Pulpe fine de tomate (85 %)<br \/>\naubergines (10 %)<br \/>\nbasilic<br \/>\noignon<br \/>\nail<br \/>\nhuile d\u2019olive vierge extra<br \/>\nsel iod\u00e9<\/p>\n<div class=\"midline\"><\/div>\n<h4 class=\"deta_right\" style=\"padding-top: 10px;\"><strong>Formats<\/strong><img loading=\"lazy\" decoding=\"async\" class=\"alignnone wp-image-1988 size-full\" src=\"https:\/\/www.ilpomodoropetti.com\/wp-content\/uploads\/2016\/12\/icon_formati_petti.png\" width=\"39\" height=\"49\" \/><\/h4>\n<table class=\"tabledots\" style=\"height: 52px;\" width=\"175\">\n<tbody>\n<tr>\n<td><span style=\"color: inherit;\">Bocal<\/span><\/td>\n<td><span style=\"color: inherit;\">300g, 200g<\/span><\/td>\n<\/tr>\n<\/tbody>\n<\/table>\n<p>[\/vc_column_text][\/vc_column_inner][\/vc_row_inner][\/vc_column][vc_column el_class=\u00a0\u00bbdel_arro_group\u00a0\u00bb css=\u00a0\u00bb.vc_custom_1484298950480{padding-top: 0px !important;padding-right: 0px !important;padding-bottom: 0px !important;padding-left: 0px !important;}\u00a0\u00bb][vc_icon type=\u00a0\u00bbmaterial\u00a0\u00bb icon_material=\u00a0\u00bbvc-material vc-material-keyboard_arrow_left\u00a0\u00bb color=\u00a0\u00bbcustom\u00a0\u00bb size=\u00a0\u00bblg\u00a0\u00bb custom_color=\u00a0\u00bb#7e040f\u00a0\u00bb link=\u00a0\u00bburl:https%3A%2F%2Fwww.ilpomodoropetti.com%2Ffr%2Fsauces%2Fsauce-tomate-aux-olives-et-capres%2F|title:Sugo%20al%20pomodoro%20con%20olive%20e%20capperi|\u00a0\u00bb el_class=\u00a0\u00bbdel_arr_left\u00a0\u00bb css=\u00a0\u00bb.vc_custom_1558434779338{margin-bottom: 0px !important;}\u00a0\u00bb][vc_icon type=\u00a0\u00bbmaterial\u00a0\u00bb icon_material=\u00a0\u00bbvc-material vc-material-keyboard_arrow_right\u00a0\u00bb color=\u00a0\u00bbcustom\u00a0\u00bb size=\u00a0\u00bblg\u00a0\u00bb custom_color=\u00a0\u00bb#7e040f\u00a0\u00bb link=\u00a0\u00bburl:https%3A%2F%2Fwww.ilpomodoropetti.com%2Ffr%2Fsauces%2Fsauce-tomate-au-romarin%2F|title:Sugo%20al%20pomodoro%20con%20rosmarino|\u00a0\u00bb el_class=\u00a0\u00bbdel_arr_right\u00a0\u00bb css=\u00a0\u00bb.vc_custom_1558434794051{margin-bottom: 0px !important;}\u00a0\u00bb][\/vc_column][\/vc_row][vc_row full_width_row=\u00a0\u00bbtrue\u00a0\u00bb][vc_column][vc_empty_space][vc_row_inner][vc_column_inner width=\u00a0\u00bb1\/3&Prime;][\/vc_column_inner][vc_column_inner width=\u00a0\u00bb1\/3&Prime;][vc_custom_heading text=\u00a0\u00bbFormats\u00a0\u00bb font_container=\u00a0\u00bbtag:h3|text_align:center\u00a0\u00bb use_theme_fonts=\u00a0\u00bbyes\u00a0\u00bb][vc_separator color=\u00a0\u00bbcustom\u00a0\u00bb el_width=\u00a0\u00bb20&Prime; accent_color=\u00a0\u00bb#77010d\u00a0\u00bb][\/vc_column_inner][vc_column_inner width=\u00a0\u00bb1\/3&Prime;][\/vc_column_inner][\/vc_row_inner][vc_empty_space height=\u00a0\u00bb14px\u00a0\u00bb]<div id=\"ult-carousel-328758710169e1681064436\" class=\"ult-carousel-wrapper  vc_custom_1773567932984 nascondi ult_full_width\" data-gutter=\"5\" data-rtl=\"false\" ><div class=\"ult-carousel-375725739069e1681064331 \" >[vc_single_image image=\u00a0\u00bb14808&Prime; img_size=\u00a0\u00bb844 \u00d7 662&Prime; alignment=\u00a0\u00bbcenter\u00a0\u00bb][vc_single_image image=\u00a0\u00bb9285&Prime; img_size=\u00a0\u00bb844 \u00d7 662&Prime; alignment=\u00a0\u00bbcenter\u00a0\u00bb][vc_single_image image=\u00a0\u00bb9285&Prime; img_size=\u00a0\u00bb844 \u00d7 662&Prime; alignment=\u00a0\u00bbcenter\u00a0\u00bb]<\/div><\/div>\t\t\t<script type=\"text\/javascript\">\n\t\t\t\tjQuery(document).ready(function ($) {\n\t\t\t\t\tif( typeof jQuery('.ult-carousel-375725739069e1681064331').slick == \"function\"){\n\t\t\t\t\t\t$('.ult-carousel-375725739069e1681064331').slick({dots: false,autoplaySpeed: \"5000\",speed: \"300\",infinite: true,arrows: true,nextArrow: '<button type=\"button\" role=\"button\" aria-label=\"Next\" style=\"color:#a8a8a5; font-size:40px;\" class=\"slick-next default\"><i class=\"ultsl-arrow-right4\"><\/i><\/button>',prevArrow: '<button type=\"button\" role=\"button\" aria-label=\"Previous\" style=\"color:#a8a8a5; font-size:40px;\" class=\"slick-prev default\"><i class=\"ultsl-arrow-left4\"><\/i><\/button>',slidesToScroll:3,slidesToShow:3,swipe: true,draggable: true,touchMove: true,pauseOnHover: true,pauseOnFocus: false,responsive: [\n\t\t\t\t\t\t\t{\n\t\t\t\t\t\t\t  breakpoint: 1026,\n\t\t\t\t\t\t\t  settings: {\n\t\t\t\t\t\t\t\tslidesToShow: 3,\n\t\t\t\t\t\t\t\tslidesToScroll: 3,  \n\t\t\t\t\t\t\t  }\n\t\t\t\t\t\t\t},\n\t\t\t\t\t\t\t{\n\t\t\t\t\t\t\t  breakpoint: 1025,\n\t\t\t\t\t\t\t  settings: {\n\t\t\t\t\t\t\t\tslidesToShow: 2,\n\t\t\t\t\t\t\t\tslidesToScroll: 2\n\t\t\t\t\t\t\t  }\n\t\t\t\t\t\t\t},\n\t\t\t\t\t\t\t{\n\t\t\t\t\t\t\t  breakpoint: 760,\n\t\t\t\t\t\t\t  settings: {\n\t\t\t\t\t\t\t\tslidesToShow: 1,\n\t\t\t\t\t\t\t\tslidesToScroll: 1\n\t\t\t\t\t\t\t  }\n\t\t\t\t\t\t\t}\n\t\t\t\t\t\t],pauseOnDotsHover: true,customPaging: function(slider, i) {\n                   return '<i type=\"button\" style= \"color:#333333;\" class=\"ultsl-record\" data-role=\"none\"><\/i>';\n                },});\n\t\t\t\t\t}\n\t\t\t\t});\n\t\t\t<\/script>\n\t\t\t[\/vc_column][\/vc_row][vc_row type=\u00a0\u00bbvc_default\u00a0\u00bb full_width=\u00a0\u00bbstretch_row_content_no_spaces\u00a0\u00bb content_placement=\u00a0\u00bbmiddle\u00a0\u00bb el_class=\u00a0\u00bbsezione-formato_singolo\u00a0\u00bb][vc_column][vc_single_image image=\u00a0\u00bb14808&Prime; img_size=\u00a0\u00bbfull\u00a0\u00bb alignment=\u00a0\u00bbcenter\u00a0\u00bb el_class=\u00a0\u00bbprodotto-singolo-img\u00a0\u00bb][\/vc_column][\/vc_row]<\/p>\n<\/div>","protected":false},"excerpt":{"rendered":"<p>[vc_row type=\u00a0\u00bbvc_default\u00a0\u00bb full_width=\u00a0\u00bbstretch_row\u00a0\u00bb equal_height=\u00a0\u00bbyes\u00a0\u00bb content_placement=\u00a0\u00bbmiddle\u00a0\u00bb bg_color=\u00a0\u00bb#f5f5ef\u00a0\u00bb bg_type=\u00a0\u00bbbg_color\u00a0\u00bb bg_override=\u00a0\u00bbfull\u00a0\u00bb css=\u00a0\u00bb.vc_custom_1482857860865{padding-top: 25px !important;padding-bottom: 25px !important;background-color: #f5f5ef !important;}\u00a0\u00bb bg_color_value=\u00a0\u00bb#f5f5ef\u00a0\u00bb][vc_column width=\u00a0\u00bb1\/2&Prime; el_class=\u00a0\u00bbprod_firstimg\u00a0\u00bb offset=\u00a0\u00bbvc_col-lg-4 vc_col-md-6 vc_col-xs-12&Prime;][vc_single_image image=\u00a0\u00bb14773&Prime; img_size=\u00a0\u00bbfull\u00a0\u00bb alignment=\u00a0\u00bbcenter\u00a0\u00bb][\/vc_column][vc_column width=\u00a0\u00bb1\/2&Prime; css=\u00a0\u00bb.vc_custom_1484302940741{padding-right: 15px !important;}\u00a0\u00bb el_class=\u00a0\u00bbproddescc\u00a0\u00bb offset=\u00a0\u00bbvc_col-lg-4 vc_col-md-6 vc_col-xs-12&Prime;][vc_custom_heading text=\u00a0\u00bbLes Sauces\u00a0\u00bb font_container=\u00a0\u00bbtag:h5|text_align:center|color:%23b33736&Prime; google_fonts=\u00a0\u00bbfont_family:Playfair%20Display%3Aregular%2Citalic%2C700%2C700italic%2C900%2C900italic|font_style:900%20bold%20regular%3A900%3Anormal\u00a0\u00bb css=\u00a0\u00bb.vc_custom_1558427507010{margin-bottom: 0px !important;}\u00a0\u00bb][vc_custom_heading text=\u00a0\u00bbSauce tomate aux aubergines\u00a0\u00bb font_container=\u00a0\u00bbtag:h1|font_size:42px|text_align:center|color:%23252525|line_height:50px\u00a0\u00bb google_fonts=\u00a0\u00bbfont_family:Playfair%20Display%3Aregular%2Citalic%2C700%2C700italic%2C900%2C900italic|font_style:900%20bold%20regular%3A900%3Anormal\u00a0\u00bb css=\u00a0\u00bb.vc_custom_1557481651501{margin-bottom: 0px !important;}\u00a0\u00bb][vc_empty_space height=\u00a0\u00bb15px\u00a0\u00bb][vc_column_text css=\u00a0\u00bb.vc_custom_1711387656581{margin-bottom: 10px !important;}\u00a0\u00bb]Une recette go\u00fbteuse et&hellip;<\/p>\n","protected":false},"author":10,"featured_media":0,"parent":14736,"menu_order":0,"comment_status":"closed","ping_status":"closed","template":"","meta":{"_acf_changed":false,"footnotes":""},"class_list":["post-14873","page","type-page","status-publish","hentry","description-off"],"acf":[],"yoast_head":"<!-- This site is optimized with the Yoast SEO plugin v27.4 - https:\/\/yoast.com\/product\/yoast-seo-wordpress\/ -->\n<title>Sauce tomate aux aubergines<\/title>\n<meta name=\"description\" content=\"Une recette go\u00fbteuse et traditionnelle qui marie la texture pulpeuse et juteuse de l&#039;aubergine \u00e0 la douceur naturelle de la tomate toscane pour cr\u00e9er une d\u00e9licate harmonie.\" \/>\n<meta name=\"robots\" content=\"index, follow, max-snippet:-1, max-image-preview:large, max-video-preview:-1\" \/>\n<link rel=\"canonical\" href=\"https:\/\/www.ilpomodoropetti.com\/i-sughi\/sugo-al-pomodoro-con-melanzane\/\" \/>\n<meta property=\"og:locale\" content=\"fr_FR\" \/>\n<meta property=\"og:type\" content=\"article\" \/>\n<meta property=\"og:title\" content=\"Sauce tomate aux aubergines\" \/>\n<meta property=\"og:description\" content=\"Une recette go\u00fbteuse et traditionnelle qui marie la texture pulpeuse et juteuse de l&#039;aubergine \u00e0 la douceur naturelle de la tomate toscane pour cr\u00e9er une d\u00e9licate harmonie.\" \/>\n<meta property=\"og:url\" content=\"https:\/\/www.ilpomodoropetti.com\/i-sughi\/sugo-al-pomodoro-con-melanzane\/\" \/>\n<meta property=\"og:site_name\" content=\"Il pomodoro Petti\" \/>\n<meta property=\"article:publisher\" content=\"https:\/\/www.facebook.com\/PettiPomodoro\/\" \/>\n<meta property=\"article:modified_time\" content=\"2026-03-15T11:38:07+00:00\" \/>\n<meta property=\"og:image\" content=\"https:\/\/www.ilpomodoropetti.com\/wp-content\/uploads\/2016\/12\/icona_shop.png\" \/>\n<meta name=\"twitter:card\" content=\"summary_large_image\" \/>\n<meta name=\"twitter:site\" content=\"@pettipomodoro\" \/>\n<meta name=\"twitter:label1\" content=\"Dur\u00e9e de lecture estim\u00e9e\" \/>\n\t<meta name=\"twitter:data1\" content=\"4 minutes\" \/>\n<script type=\"application\/ld+json\" class=\"yoast-schema-graph\">{\"@context\":\"https:\\\/\\\/schema.org\",\"@graph\":[{\"@type\":\"WebPage\",\"@id\":\"https:\\\/\\\/www.ilpomodoropetti.com\\\/i-sughi\\\/sugo-al-pomodoro-con-melanzane\\\/\",\"url\":\"https:\\\/\\\/www.ilpomodoropetti.com\\\/i-sughi\\\/sugo-al-pomodoro-con-melanzane\\\/\",\"name\":\"Sauce tomate aux aubergines\",\"isPartOf\":{\"@id\":\"https:\\\/\\\/www.ilpomodoropetti.com\\\/#website\"},\"primaryImageOfPage\":{\"@id\":\"https:\\\/\\\/www.ilpomodoropetti.com\\\/i-sughi\\\/sugo-al-pomodoro-con-melanzane\\\/#primaryimage\"},\"image\":{\"@id\":\"https:\\\/\\\/www.ilpomodoropetti.com\\\/i-sughi\\\/sugo-al-pomodoro-con-melanzane\\\/#primaryimage\"},\"thumbnailUrl\":\"https:\\\/\\\/www.ilpomodoropetti.com\\\/wp-content\\\/uploads\\\/2016\\\/12\\\/icona_shop.png\",\"datePublished\":\"2019-05-23T13:21:00+00:00\",\"dateModified\":\"2026-03-15T11:38:07+00:00\",\"description\":\"Une recette go\u00fbteuse et traditionnelle qui marie la texture pulpeuse et juteuse de l'aubergine \u00e0 la douceur naturelle de la tomate toscane pour cr\u00e9er une d\u00e9licate harmonie.\",\"breadcrumb\":{\"@id\":\"https:\\\/\\\/www.ilpomodoropetti.com\\\/i-sughi\\\/sugo-al-pomodoro-con-melanzane\\\/#breadcrumb\"},\"inLanguage\":\"fr-FR\",\"potentialAction\":[{\"@type\":\"ReadAction\",\"target\":[\"https:\\\/\\\/www.ilpomodoropetti.com\\\/i-sughi\\\/sugo-al-pomodoro-con-melanzane\\\/\"]}]},{\"@type\":\"ImageObject\",\"inLanguage\":\"fr-FR\",\"@id\":\"https:\\\/\\\/www.ilpomodoropetti.com\\\/i-sughi\\\/sugo-al-pomodoro-con-melanzane\\\/#primaryimage\",\"url\":\"https:\\\/\\\/www.ilpomodoropetti.com\\\/wp-content\\\/uploads\\\/2016\\\/12\\\/icona_shop.png\",\"contentUrl\":\"https:\\\/\\\/www.ilpomodoropetti.com\\\/wp-content\\\/uploads\\\/2016\\\/12\\\/icona_shop.png\"},{\"@type\":\"BreadcrumbList\",\"@id\":\"https:\\\/\\\/www.ilpomodoropetti.com\\\/i-sughi\\\/sugo-al-pomodoro-con-melanzane\\\/#breadcrumb\",\"itemListElement\":[{\"@type\":\"ListItem\",\"position\":1,\"name\":\"Home\",\"item\":\"https:\\\/\\\/www.ilpomodoropetti.com\\\/fr\\\/\"},{\"@type\":\"ListItem\",\"position\":2,\"name\":\"Les sauces\",\"item\":\"https:\\\/\\\/www.ilpomodoropetti.com\\\/i-sughi\\\/\"},{\"@type\":\"ListItem\",\"position\":3,\"name\":\"Sauce tomate aux aubergines\"}]},{\"@type\":\"WebSite\",\"@id\":\"https:\\\/\\\/www.ilpomodoropetti.com\\\/#website\",\"url\":\"https:\\\/\\\/www.ilpomodoropetti.com\\\/\",\"name\":\"Il pomodoro Petti\",\"description\":\"Passate, Polpe, Concentrat, Bio, 100% Toscano\",\"publisher\":{\"@id\":\"https:\\\/\\\/www.ilpomodoropetti.com\\\/#organization\"},\"potentialAction\":[{\"@type\":\"SearchAction\",\"target\":{\"@type\":\"EntryPoint\",\"urlTemplate\":\"https:\\\/\\\/www.ilpomodoropetti.com\\\/?s={search_term_string}\"},\"query-input\":{\"@type\":\"PropertyValueSpecification\",\"valueRequired\":true,\"valueName\":\"search_term_string\"}}],\"inLanguage\":\"fr-FR\"},{\"@type\":\"Organization\",\"@id\":\"https:\\\/\\\/www.ilpomodoropetti.com\\\/#organization\",\"name\":\"Petti - Il pomodoro al centro\",\"url\":\"https:\\\/\\\/www.ilpomodoropetti.com\\\/\",\"logo\":{\"@type\":\"ImageObject\",\"inLanguage\":\"fr-FR\",\"@id\":\"https:\\\/\\\/www.ilpomodoropetti.com\\\/#\\\/schema\\\/logo\\\/image\\\/\",\"url\":\"https:\\\/\\\/www.ilpomodoropetti.com\\\/wp-content\\\/uploads\\\/2016\\\/12\\\/illogo_petti.png\",\"contentUrl\":\"https:\\\/\\\/www.ilpomodoropetti.com\\\/wp-content\\\/uploads\\\/2016\\\/12\\\/illogo_petti.png\",\"width\":122,\"height\":109,\"caption\":\"Petti - Il pomodoro al centro\"},\"image\":{\"@id\":\"https:\\\/\\\/www.ilpomodoropetti.com\\\/#\\\/schema\\\/logo\\\/image\\\/\"},\"sameAs\":[\"https:\\\/\\\/www.facebook.com\\\/PettiPomodoro\\\/\",\"https:\\\/\\\/x.com\\\/pettipomodoro\",\"https:\\\/\\\/www.instagram.com\\\/pettipomodoro\\\/\",\"https:\\\/\\\/www.youtube.com\\\/channel\\\/UCzM1Ud4-dDEZAYDQwKi9AlQ\\\/\"]}]}<\/script>\n<!-- \/ Yoast SEO plugin. -->","yoast_head_json":{"title":"Sauce tomate aux aubergines","description":"Une recette go\u00fbteuse et traditionnelle qui marie la texture pulpeuse et juteuse de l'aubergine \u00e0 la douceur naturelle de la tomate toscane pour cr\u00e9er une d\u00e9licate harmonie.","robots":{"index":"index","follow":"follow","max-snippet":"max-snippet:-1","max-image-preview":"max-image-preview:large","max-video-preview":"max-video-preview:-1"},"canonical":"https:\/\/www.ilpomodoropetti.com\/i-sughi\/sugo-al-pomodoro-con-melanzane\/","og_locale":"fr_FR","og_type":"article","og_title":"Sauce tomate aux aubergines","og_description":"Une recette go\u00fbteuse et traditionnelle qui marie la texture pulpeuse et juteuse de l'aubergine \u00e0 la douceur naturelle de la tomate toscane pour cr\u00e9er une d\u00e9licate harmonie.","og_url":"https:\/\/www.ilpomodoropetti.com\/i-sughi\/sugo-al-pomodoro-con-melanzane\/","og_site_name":"Il pomodoro Petti","article_publisher":"https:\/\/www.facebook.com\/PettiPomodoro\/","article_modified_time":"2026-03-15T11:38:07+00:00","og_image":[{"url":"https:\/\/www.ilpomodoropetti.com\/wp-content\/uploads\/2016\/12\/icona_shop.png","type":"","width":"","height":""}],"twitter_card":"summary_large_image","twitter_site":"@pettipomodoro","twitter_misc":{"Dur\u00e9e de lecture estim\u00e9e":"4 minutes"},"schema":{"@context":"https:\/\/schema.org","@graph":[{"@type":"WebPage","@id":"https:\/\/www.ilpomodoropetti.com\/i-sughi\/sugo-al-pomodoro-con-melanzane\/","url":"https:\/\/www.ilpomodoropetti.com\/i-sughi\/sugo-al-pomodoro-con-melanzane\/","name":"Sauce tomate aux aubergines","isPartOf":{"@id":"https:\/\/www.ilpomodoropetti.com\/#website"},"primaryImageOfPage":{"@id":"https:\/\/www.ilpomodoropetti.com\/i-sughi\/sugo-al-pomodoro-con-melanzane\/#primaryimage"},"image":{"@id":"https:\/\/www.ilpomodoropetti.com\/i-sughi\/sugo-al-pomodoro-con-melanzane\/#primaryimage"},"thumbnailUrl":"https:\/\/www.ilpomodoropetti.com\/wp-content\/uploads\/2016\/12\/icona_shop.png","datePublished":"2019-05-23T13:21:00+00:00","dateModified":"2026-03-15T11:38:07+00:00","description":"Une recette go\u00fbteuse et traditionnelle qui marie la texture pulpeuse et juteuse de l'aubergine \u00e0 la douceur naturelle de la tomate toscane pour cr\u00e9er une d\u00e9licate harmonie.","breadcrumb":{"@id":"https:\/\/www.ilpomodoropetti.com\/i-sughi\/sugo-al-pomodoro-con-melanzane\/#breadcrumb"},"inLanguage":"fr-FR","potentialAction":[{"@type":"ReadAction","target":["https:\/\/www.ilpomodoropetti.com\/i-sughi\/sugo-al-pomodoro-con-melanzane\/"]}]},{"@type":"ImageObject","inLanguage":"fr-FR","@id":"https:\/\/www.ilpomodoropetti.com\/i-sughi\/sugo-al-pomodoro-con-melanzane\/#primaryimage","url":"https:\/\/www.ilpomodoropetti.com\/wp-content\/uploads\/2016\/12\/icona_shop.png","contentUrl":"https:\/\/www.ilpomodoropetti.com\/wp-content\/uploads\/2016\/12\/icona_shop.png"},{"@type":"BreadcrumbList","@id":"https:\/\/www.ilpomodoropetti.com\/i-sughi\/sugo-al-pomodoro-con-melanzane\/#breadcrumb","itemListElement":[{"@type":"ListItem","position":1,"name":"Home","item":"https:\/\/www.ilpomodoropetti.com\/fr\/"},{"@type":"ListItem","position":2,"name":"Les sauces","item":"https:\/\/www.ilpomodoropetti.com\/i-sughi\/"},{"@type":"ListItem","position":3,"name":"Sauce tomate aux aubergines"}]},{"@type":"WebSite","@id":"https:\/\/www.ilpomodoropetti.com\/#website","url":"https:\/\/www.ilpomodoropetti.com\/","name":"Il pomodoro Petti","description":"Passate, Polpe, Concentrat, Bio, 100% Toscano","publisher":{"@id":"https:\/\/www.ilpomodoropetti.com\/#organization"},"potentialAction":[{"@type":"SearchAction","target":{"@type":"EntryPoint","urlTemplate":"https:\/\/www.ilpomodoropetti.com\/?s={search_term_string}"},"query-input":{"@type":"PropertyValueSpecification","valueRequired":true,"valueName":"search_term_string"}}],"inLanguage":"fr-FR"},{"@type":"Organization","@id":"https:\/\/www.ilpomodoropetti.com\/#organization","name":"Petti - Il pomodoro al centro","url":"https:\/\/www.ilpomodoropetti.com\/","logo":{"@type":"ImageObject","inLanguage":"fr-FR","@id":"https:\/\/www.ilpomodoropetti.com\/#\/schema\/logo\/image\/","url":"https:\/\/www.ilpomodoropetti.com\/wp-content\/uploads\/2016\/12\/illogo_petti.png","contentUrl":"https:\/\/www.ilpomodoropetti.com\/wp-content\/uploads\/2016\/12\/illogo_petti.png","width":122,"height":109,"caption":"Petti - Il pomodoro al centro"},"image":{"@id":"https:\/\/www.ilpomodoropetti.com\/#\/schema\/logo\/image\/"},"sameAs":["https:\/\/www.facebook.com\/PettiPomodoro\/","https:\/\/x.com\/pettipomodoro","https:\/\/www.instagram.com\/pettipomodoro\/","https:\/\/www.youtube.com\/channel\/UCzM1Ud4-dDEZAYDQwKi9AlQ\/"]}]}},"_links":{"self":[{"href":"https:\/\/www.ilpomodoropetti.com\/fr\/wp-json\/wp\/v2\/pages\/14873","targetHints":{"allow":["GET"]}}],"collection":[{"href":"https:\/\/www.ilpomodoropetti.com\/fr\/wp-json\/wp\/v2\/pages"}],"about":[{"href":"https:\/\/www.ilpomodoropetti.com\/fr\/wp-json\/wp\/v2\/types\/page"}],"author":[{"embeddable":true,"href":"https:\/\/www.ilpomodoropetti.com\/fr\/wp-json\/wp\/v2\/users\/10"}],"replies":[{"embeddable":true,"href":"https:\/\/www.ilpomodoropetti.com\/fr\/wp-json\/wp\/v2\/comments?post=14873"}],"version-history":[{"count":17,"href":"https:\/\/www.ilpomodoropetti.com\/fr\/wp-json\/wp\/v2\/pages\/14873\/revisions"}],"predecessor-version":[{"id":19902,"href":"https:\/\/www.ilpomodoropetti.com\/fr\/wp-json\/wp\/v2\/pages\/14873\/revisions\/19902"}],"up":[{"embeddable":true,"href":"https:\/\/www.ilpomodoropetti.com\/fr\/wp-json\/wp\/v2\/pages\/14736"}],"wp:attachment":[{"href":"https:\/\/www.ilpomodoropetti.com\/fr\/wp-json\/wp\/v2\/media?parent=14873"}],"curies":[{"name":"wp","href":"https:\/\/api.w.org\/{rel}","templated":true}]}}