{"id":18771,"date":"2025-02-26T17:14:36","date_gmt":"2025-02-26T16:14:36","guid":{"rendered":"https:\/\/www.ilpomodoropetti.com\/retail\/puree-de-tomates\/la-completa\/"},"modified":"2026-03-12T23:30:59","modified_gmt":"2026-03-12T22:30:59","slug":"la-completa","status":"publish","type":"page","link":"https:\/\/www.ilpomodoropetti.com\/fr\/retail\/puree-de-tomates\/la-completa\/","title":{"rendered":"La Completa"},"content":{"rendered":"<div class=\"wpb-content-wrapper\"><p>[vc_row type=\u00a0\u00bbvc_default\u00a0\u00bb full_width=\u00a0\u00bbstretch_row\u00a0\u00bb equal_height=\u00a0\u00bbyes\u00a0\u00bb content_placement=\u00a0\u00bbmiddle\u00a0\u00bb bg_color=\u00a0\u00bb#f5f5ef\u00a0\u00bb bg_type=\u00a0\u00bbbg_color\u00a0\u00bb bg_override=\u00a0\u00bbfull\u00a0\u00bb css=\u00a0\u00bb.vc_custom_1482857860865{padding-top: 25px !important;padding-bottom: 25px !important;background-color: #f5f5ef !important;}\u00a0\u00bb bg_color_value=\u00a0\u00bb#f5f5ef\u00a0\u00bb][vc_column width=\u00a0\u00bb1\/2&Prime; el_class=\u00a0\u00bbprod_firstimg\u00a0\u00bb offset=\u00a0\u00bbvc_col-lg-4 vc_col-md-6 vc_col-xs-12&Prime;][vc_single_image image=\u00a0\u00bb19603&Prime; img_size=\u00a0\u00bbfull\u00a0\u00bb el_class=\u00a0\u00bbprodotto\u00a0\u00bb][\/vc_column][vc_column width=\u00a0\u00bb1\/2&Prime; css=\u00a0\u00bb.vc_custom_1484302940741{padding-right: 15px !important;}\u00a0\u00bb el_class=\u00a0\u00bbproddescc\u00a0\u00bb offset=\u00a0\u00bbvc_col-lg-4 vc_col-md-6 vc_col-xs-12&Prime;][vc_custom_heading text=\u00a0\u00bbpur\u00e8e de tomates\u00a0\u00bb font_container=\u00a0\u00bbtag:h5|text_align:center|color:%23b33736&Prime; google_fonts=\u00a0\u00bbfont_family:Playfair%20Display%3Aregular%2Citalic%2C700%2C700italic%2C900%2C900italic|font_style:900%20bold%20regular%3A900%3Anormal\u00a0\u00bb css=\u00a0\u00bb.vc_custom_1484306059027{margin-bottom: 0px !important;}\u00a0\u00bb][vc_custom_heading text=\u00a0\u00bbLa completa\u00a0\u00bb font_container=\u00a0\u00bbtag:h1|font_size:42px|text_align:center|color:%23252525|line_height:50px\u00a0\u00bb google_fonts=\u00a0\u00bbfont_family:Playfair%20Display%3Aregular%2Citalic%2C700%2C700italic%2C900%2C900italic|font_style:900%20bold%20regular%3A900%3Anormal\u00a0\u00bb css=\u00a0\u00bb.vc_custom_1740577982592{margin-bottom: 0px !important;}\u00a0\u00bb][vc_custom_heading text=\u00a0\u00bbPASSATA AI 6 POMODORI\u00a0\u00bb font_container=\u00a0\u00bbtag:h2|font_size:14px|text_align:center|color:%23252525|line_height:24px\u00a0\u00bb use_theme_fonts=\u00a0\u00bbyes\u00a0\u00bb css=\u00a0\u00bb.vc_custom_1740577967674{margin-bottom: 15px !important;}\u00a0\u00bb el_class=\u00a0\u00bbdelicato_third_text\u00a0\u00bb][vc_column_text css=\u00a0\u00bb.vc_custom_1740577932232{margin-bottom: 10px !important;}\u00a0\u00bb]Cette passata est le r\u00e9sultat d&rsquo;une s\u00e9lection et d&rsquo;une transformation rigoureuses des meilleures tomates cultiv\u00e9es dans les six r\u00e9gions italiennes les plus embl\u00e9matiques de la tradition des conserves : l&rsquo;\u00c9milie-Romagne, la Toscane, l&rsquo;Ombrie, le Latium, la Campanie et les Pouilles. Chaque r\u00e9gion contribue \u00e0 la qualit\u00e9 du produit gr\u00e2ce \u00e0 son excellence agricole et \u00e0 son savoir-faire, ce qui permet d&rsquo;obtenir une \u00ab\u00a0passata\u00a0\u00bb qui combine le caract\u00e8re et les saveurs les plus authentiques de notre pays. La nouvelle pur\u00e9e de tomates La Completa se distingue par sa couleur vive et son go\u00fbt intense, des caract\u00e9ristiques qui en font le choix id\u00e9al pour ceux qui souhaitent apporter du go\u00fbt et de la qualit\u00e9 dans leur cuisine. Six \u00ab\u00a0passata\u00a0\u00bb en une, pour une exp\u00e9rience qui met en valeur la polyvalence de la tomate et en fait le protagoniste incontest\u00e9 de toutes les recettes, des plus simples aux plus \u00e9labor\u00e9es.[\/vc_column_text][vc_row_inner css=\u00a0\u00bb.vc_custom_1510760081848{margin-top: 20px !important;}\u00a0\u00bb][vc_column_inner el_class=\u00a0\u00bbsocial-out\u00a0\u00bb width=\u00a0\u00bb1\/2&Prime; offset=\u00a0\u00bbvc_col-lg-6 vc_col-md-6 vc_col-xs-6&Prime;][vc_column_text el_class=\u00a0\u00bbbtm_lx addto-share\u00a0\u00bb]<div class=\"addtoany_shortcode\"><div class=\"a2a_kit a2a_kit_size_16 addtoany_list\" data-a2a-url=\"https:\/\/www.ilpomodoropetti.com\/fr\/retail\/puree-de-tomates\/la-completa\/\" data-a2a-title=\"La Completa\"><a class=\"a2a_dd addtoany_no_icon addtoany_share_save addtoany_share\" href=\"https:\/\/www.addtoany.com\/share\">Share<\/a><\/div><\/div>[\/vc_column_text][\/vc_column_inner][\/vc_row_inner][\/vc_column][vc_column el_class=\u00a0\u00bbprod_secondcol\u00a0\u00bb offset=\u00a0\u00bbvc_col-lg-4 vc_col-md-12 vc_col-xs-12&Prime; css=\u00a0\u00bb.vc_custom_1484307034031{padding-left: 0px !important;}\u00a0\u00bb][vc_row_inner css=\u00a0\u00bb.vc_custom_1484307039257{padding-left: 0px !important;}\u00a0\u00bb][vc_column_inner css=\u00a0\u00bb.vc_custom_1484307044769{padding-left: 0px !important;}\u00a0\u00bb][vc_column_text]<a class=\"back_link\" href=\"https:\/\/www.ilpomodoropetti.com\/fr\/retail\/puree-de-tomates\/\"><img loading=\"lazy\" decoding=\"async\" class=\"size-full wp-image-1672 alignleft\" src=\"https:\/\/www.ilpomodoropetti.com\/wp-content\/uploads\/2016\/12\/freccia_petti.png\" alt=\"\" width=\"29\" height=\"30\" \/><strong>Revenir \u00e0 pass\u00e9e de tomates<\/strong><\/a>[\/vc_column_text][vc_column_text css=\u00a0\u00bb.vc_custom_1740577877040{border-left-width: 2px !important;padding-top: 5px !important;padding-bottom: 5px !important;padding-left: 36px !important;border-left-color: #e3e3df !important;border-left-style: solid !important;}\u00a0\u00bb]<\/p>\n<h4 class=\"deta_right\"><strong>Ingr\u00e9dients<\/strong><img loading=\"lazy\" decoding=\"async\" class=\"size-full wp-image-1989\" src=\"https:\/\/www.ilpomodoropetti.com\/wp-content\/uploads\/2016\/12\/icon_ingredienti_petti_2.png\" alt=\"Formati\" width=\"59\" height=\"42\" \/><\/h4>\n<p style=\"font-family: 'Libre Baskerville', serif; color: #252525 !important; padding-left: 10px; margin-bottom: 25px;\">Tomate (99,5%)<br \/>\nSel (0,50%)<\/p>\n<div class=\"midline\"><\/div>\n<h4 class=\"deta_right\" style=\"padding-top: 10px;\"><strong>Formats<\/strong><img loading=\"lazy\" decoding=\"async\" class=\"alignnone wp-image-1988 size-full\" src=\"https:\/\/www.ilpomodoropetti.com\/wp-content\/uploads\/2016\/12\/icon_formati_petti.png\" width=\"39\" height=\"49\" \/><\/h4>\n<table class=\"tabledots\">\n<tbody>\n<tr>\n<td><span style=\"color: inherit;\">Bocal<\/span><\/td>\n<td><span style=\"color: inherit;\">500g<\/span><\/td>\n<\/tr>\n<\/tbody>\n<\/table>\n<p>[\/vc_column_text][\/vc_column_inner][\/vc_row_inner][vc_custom_heading google_fonts=\u00a0\u00bbfont_family:Libre%20Baskerville%3Aregular%2Citalic%2C700|font_style:400%20regular%3A400%3Anormal\u00a0\u00bb el_class=\u00a0\u00bbhiden\u00a0\u00bb][\/vc_column][vc_column el_class=\u00a0\u00bbdel_arro_group\u00a0\u00bb css=\u00a0\u00bb.vc_custom_1484298950480{padding-top: 0px !important;padding-right: 0px !important;padding-bottom: 0px !important;padding-left: 0px !important;}\u00a0\u00bb][vc_icon type=\u00a0\u00bbmaterial\u00a0\u00bb icon_material=\u00a0\u00bbvc-material vc-material-keyboard_arrow_left\u00a0\u00bb color=\u00a0\u00bbcustom\u00a0\u00bb size=\u00a0\u00bblg\u00a0\u00bb custom_color=\u00a0\u00bb#7e040f\u00a0\u00bb link=\u00a0\u00bburl:https%3A%2F%2Fwww.ilpomodoropetti.com%2Ffr%2Fcorposo%2F|\u00a0\u00bb el_class=\u00a0\u00bbdel_arr_left\u00a0\u00bb css=\u00a0\u00bb.vc_custom_1740578867898{margin-bottom: 0px !important;}\u00a0\u00bb][vc_icon type=\u00a0\u00bbmaterial\u00a0\u00bb icon_material=\u00a0\u00bbvc-material vc-material-keyboard_arrow_right\u00a0\u00bb color=\u00a0\u00bbcustom\u00a0\u00bb size=\u00a0\u00bblg\u00a0\u00bb custom_color=\u00a0\u00bb#7e040f\u00a0\u00bb link=\u00a0\u00bburl:https%3A%2F%2Fwww.ilpomodoropetti.com%2Ffr%2Fprofumato%2F|\u00a0\u00bb el_class=\u00a0\u00bbdel_arr_right\u00a0\u00bb css=\u00a0\u00bb.vc_custom_1740578885065{margin-bottom: 0px !important;}\u00a0\u00bb][\/vc_column][\/vc_row]<\/p>\n<\/div>","protected":false},"excerpt":{"rendered":"<p>[vc_row type=\u00a0\u00bbvc_default\u00a0\u00bb full_width=\u00a0\u00bbstretch_row\u00a0\u00bb equal_height=\u00a0\u00bbyes\u00a0\u00bb content_placement=\u00a0\u00bbmiddle\u00a0\u00bb bg_color=\u00a0\u00bb#f5f5ef\u00a0\u00bb bg_type=\u00a0\u00bbbg_color\u00a0\u00bb bg_override=\u00a0\u00bbfull\u00a0\u00bb css=\u00a0\u00bb.vc_custom_1482857860865{padding-top: 25px !important;padding-bottom: 25px !important;background-color: #f5f5ef !important;}\u00a0\u00bb bg_color_value=\u00a0\u00bb#f5f5ef\u00a0\u00bb][vc_column width=\u00a0\u00bb1\/2&Prime; el_class=\u00a0\u00bbprod_firstimg\u00a0\u00bb offset=\u00a0\u00bbvc_col-lg-4 vc_col-md-6 vc_col-xs-12&Prime;][vc_single_image image=\u00a0\u00bb19603&Prime; img_size=\u00a0\u00bbfull\u00a0\u00bb el_class=\u00a0\u00bbprodotto\u00a0\u00bb][\/vc_column][vc_column width=\u00a0\u00bb1\/2&Prime; css=\u00a0\u00bb.vc_custom_1484302940741{padding-right: 15px !important;}\u00a0\u00bb el_class=\u00a0\u00bbproddescc\u00a0\u00bb offset=\u00a0\u00bbvc_col-lg-4 vc_col-md-6 vc_col-xs-12&Prime;][vc_custom_heading text=\u00a0\u00bbpur\u00e8e de tomates\u00a0\u00bb font_container=\u00a0\u00bbtag:h5|text_align:center|color:%23b33736&Prime; google_fonts=\u00a0\u00bbfont_family:Playfair%20Display%3Aregular%2Citalic%2C700%2C700italic%2C900%2C900italic|font_style:900%20bold%20regular%3A900%3Anormal\u00a0\u00bb css=\u00a0\u00bb.vc_custom_1484306059027{margin-bottom: 0px !important;}\u00a0\u00bb][vc_custom_heading text=\u00a0\u00bbLa completa\u00a0\u00bb font_container=\u00a0\u00bbtag:h1|font_size:42px|text_align:center|color:%23252525|line_height:50px\u00a0\u00bb google_fonts=\u00a0\u00bbfont_family:Playfair%20Display%3Aregular%2Citalic%2C700%2C700italic%2C900%2C900italic|font_style:900%20bold%20regular%3A900%3Anormal\u00a0\u00bb css=\u00a0\u00bb.vc_custom_1740577982592{margin-bottom: 0px !important;}\u00a0\u00bb][vc_custom_heading text=\u00a0\u00bbPASSATA AI 6 POMODORI\u00a0\u00bb font_container=\u00a0\u00bbtag:h2|font_size:14px|text_align:center|color:%23252525|line_height:24px\u00a0\u00bb use_theme_fonts=\u00a0\u00bbyes\u00a0\u00bb css=\u00a0\u00bb.vc_custom_1740577967674{margin-bottom: 15px&hellip;<\/p>\n","protected":false},"author":10,"featured_media":0,"parent":6355,"menu_order":0,"comment_status":"closed","ping_status":"closed","template":"","meta":{"_acf_changed":false,"footnotes":""},"class_list":["post-18771","page","type-page","status-publish","hentry","description-off"],"acf":[],"yoast_head":"<!-- This site is optimized with the Yoast SEO plugin v27.5 - https:\/\/yoast.com\/product\/yoast-seo-wordpress\/ -->\n<title>La Completa - Il pomodoro Petti<\/title>\n<meta name=\"robots\" content=\"index, follow, max-snippet:-1, max-image-preview:large, max-video-preview:-1\" \/>\n<link rel=\"canonical\" href=\"https:\/\/www.ilpomodoropetti.com\/retail\/passate-di-pomodoro\/la-completa\/\" \/>\n<meta property=\"og:locale\" content=\"fr_FR\" \/>\n<meta property=\"og:type\" content=\"article\" \/>\n<meta property=\"og:title\" content=\"La Completa - Il pomodoro Petti\" \/>\n<meta property=\"og:description\" content=\"[vc_row type=\u00a0\u00bbvc_default\u00a0\u00bb full_width=\u00a0\u00bbstretch_row\u00a0\u00bb equal_height=\u00a0\u00bbyes\u00a0\u00bb content_placement=\u00a0\u00bbmiddle\u00a0\u00bb bg_color=\u00a0\u00bb#f5f5ef\u00a0\u00bb bg_type=\u00a0\u00bbbg_color\u00a0\u00bb bg_override=\u00a0\u00bbfull\u00a0\u00bb css=\u00a0\u00bb.vc_custom_1482857860865{padding-top: 25px !important;padding-bottom: 25px !important;background-color: #f5f5ef !important;}\u00a0\u00bb bg_color_value=\u00a0\u00bb#f5f5ef\u00a0\u00bb][vc_column width=\u00a0\u00bb1\/2&Prime; el_class=\u00a0\u00bbprod_firstimg\u00a0\u00bb offset=\u00a0\u00bbvc_col-lg-4 vc_col-md-6 vc_col-xs-12&Prime;][vc_single_image image=\u00a0\u00bb19603&Prime; img_size=\u00a0\u00bbfull\u00a0\u00bb el_class=\u00a0\u00bbprodotto\u00a0\u00bb][\/vc_column][vc_column width=\u00a0\u00bb1\/2&Prime; css=\u00a0\u00bb.vc_custom_1484302940741{padding-right: 15px !important;}\u00a0\u00bb el_class=\u00a0\u00bbproddescc\u00a0\u00bb offset=\u00a0\u00bbvc_col-lg-4 vc_col-md-6 vc_col-xs-12&Prime;][vc_custom_heading text=\u00a0\u00bbpur\u00e8e de tomates\u00a0\u00bb font_container=\u00a0\u00bbtag:h5|text_align:center|color:%23b33736&Prime; google_fonts=\u00a0\u00bbfont_family:Playfair%20Display%3Aregular%2Citalic%2C700%2C700italic%2C900%2C900italic|font_style:900%20bold%20regular%3A900%3Anormal\u00a0\u00bb css=\u00a0\u00bb.vc_custom_1484306059027{margin-bottom: 0px !important;}\u00a0\u00bb][vc_custom_heading text=\u00a0\u00bbLa completa\u00a0\u00bb font_container=\u00a0\u00bbtag:h1|font_size:42px|text_align:center|color:%23252525|line_height:50px\u00a0\u00bb google_fonts=\u00a0\u00bbfont_family:Playfair%20Display%3Aregular%2Citalic%2C700%2C700italic%2C900%2C900italic|font_style:900%20bold%20regular%3A900%3Anormal\u00a0\u00bb css=\u00a0\u00bb.vc_custom_1740577982592{margin-bottom: 0px !important;}\u00a0\u00bb][vc_custom_heading text=\u00a0\u00bbPASSATA AI 6 POMODORI\u00a0\u00bb font_container=\u00a0\u00bbtag:h2|font_size:14px|text_align:center|color:%23252525|line_height:24px\u00a0\u00bb use_theme_fonts=\u00a0\u00bbyes\u00a0\u00bb css=\u00a0\u00bb.vc_custom_1740577967674{margin-bottom: 15px&hellip;\" \/>\n<meta property=\"og:url\" content=\"https:\/\/www.ilpomodoropetti.com\/retail\/passate-di-pomodoro\/la-completa\/\" \/>\n<meta property=\"og:site_name\" content=\"Il pomodoro Petti\" \/>\n<meta property=\"article:publisher\" content=\"https:\/\/www.facebook.com\/PettiPomodoro\/\" \/>\n<meta property=\"article:modified_time\" content=\"2026-03-12T22:30:59+00:00\" \/>\n<meta property=\"og:image\" content=\"https:\/\/www.ilpomodoropetti.com\/wp-content\/uploads\/2016\/12\/freccia_petti.png\" \/>\n<meta name=\"twitter:card\" content=\"summary_large_image\" \/>\n<meta name=\"twitter:site\" content=\"@pettipomodoro\" \/>\n<meta name=\"twitter:label1\" content=\"Dur\u00e9e de lecture estim\u00e9e\" \/>\n\t<meta name=\"twitter:data1\" content=\"3 minutes\" \/>\n<script type=\"application\/ld+json\" class=\"yoast-schema-graph\">{\"@context\":\"https:\\\/\\\/schema.org\",\"@graph\":[{\"@type\":\"WebPage\",\"@id\":\"https:\\\/\\\/www.ilpomodoropetti.com\\\/retail\\\/passate-di-pomodoro\\\/la-completa\\\/\",\"url\":\"https:\\\/\\\/www.ilpomodoropetti.com\\\/retail\\\/passate-di-pomodoro\\\/la-completa\\\/\",\"name\":\"La Completa - Il pomodoro Petti\",\"isPartOf\":{\"@id\":\"https:\\\/\\\/www.ilpomodoropetti.com\\\/#website\"},\"primaryImageOfPage\":{\"@id\":\"https:\\\/\\\/www.ilpomodoropetti.com\\\/retail\\\/passate-di-pomodoro\\\/la-completa\\\/#primaryimage\"},\"image\":{\"@id\":\"https:\\\/\\\/www.ilpomodoropetti.com\\\/retail\\\/passate-di-pomodoro\\\/la-completa\\\/#primaryimage\"},\"thumbnailUrl\":\"https:\\\/\\\/www.ilpomodoropetti.com\\\/wp-content\\\/uploads\\\/2016\\\/12\\\/freccia_petti.png\",\"datePublished\":\"2025-02-26T16:14:36+00:00\",\"dateModified\":\"2026-03-12T22:30:59+00:00\",\"breadcrumb\":{\"@id\":\"https:\\\/\\\/www.ilpomodoropetti.com\\\/retail\\\/passate-di-pomodoro\\\/la-completa\\\/#breadcrumb\"},\"inLanguage\":\"fr-FR\",\"potentialAction\":[{\"@type\":\"ReadAction\",\"target\":[\"https:\\\/\\\/www.ilpomodoropetti.com\\\/retail\\\/passate-di-pomodoro\\\/la-completa\\\/\"]}]},{\"@type\":\"ImageObject\",\"inLanguage\":\"fr-FR\",\"@id\":\"https:\\\/\\\/www.ilpomodoropetti.com\\\/retail\\\/passate-di-pomodoro\\\/la-completa\\\/#primaryimage\",\"url\":\"https:\\\/\\\/www.ilpomodoropetti.com\\\/wp-content\\\/uploads\\\/2016\\\/12\\\/freccia_petti.png\",\"contentUrl\":\"https:\\\/\\\/www.ilpomodoropetti.com\\\/wp-content\\\/uploads\\\/2016\\\/12\\\/freccia_petti.png\"},{\"@type\":\"BreadcrumbList\",\"@id\":\"https:\\\/\\\/www.ilpomodoropetti.com\\\/retail\\\/passate-di-pomodoro\\\/la-completa\\\/#breadcrumb\",\"itemListElement\":[{\"@type\":\"ListItem\",\"position\":1,\"name\":\"Home\",\"item\":\"https:\\\/\\\/www.ilpomodoropetti.com\\\/fr\\\/\"},{\"@type\":\"ListItem\",\"position\":2,\"name\":\"Retail\",\"item\":\"https:\\\/\\\/www.ilpomodoropetti.com\\\/fr\\\/retail\\\/\"},{\"@type\":\"ListItem\",\"position\":3,\"name\":\"Pur\u00e9e de tomates\",\"item\":\"https:\\\/\\\/www.ilpomodoropetti.com\\\/retail\\\/passate-di-pomodoro\\\/\"},{\"@type\":\"ListItem\",\"position\":4,\"name\":\"La Completa\"}]},{\"@type\":\"WebSite\",\"@id\":\"https:\\\/\\\/www.ilpomodoropetti.com\\\/#website\",\"url\":\"https:\\\/\\\/www.ilpomodoropetti.com\\\/\",\"name\":\"Il pomodoro Petti\",\"description\":\"Passate, Polpe, Concentrat, Bio, 100% Toscano\",\"publisher\":{\"@id\":\"https:\\\/\\\/www.ilpomodoropetti.com\\\/#organization\"},\"potentialAction\":[{\"@type\":\"SearchAction\",\"target\":{\"@type\":\"EntryPoint\",\"urlTemplate\":\"https:\\\/\\\/www.ilpomodoropetti.com\\\/?s={search_term_string}\"},\"query-input\":{\"@type\":\"PropertyValueSpecification\",\"valueRequired\":true,\"valueName\":\"search_term_string\"}}],\"inLanguage\":\"fr-FR\"},{\"@type\":\"Organization\",\"@id\":\"https:\\\/\\\/www.ilpomodoropetti.com\\\/#organization\",\"name\":\"Petti - Il pomodoro al centro\",\"url\":\"https:\\\/\\\/www.ilpomodoropetti.com\\\/\",\"logo\":{\"@type\":\"ImageObject\",\"inLanguage\":\"fr-FR\",\"@id\":\"https:\\\/\\\/www.ilpomodoropetti.com\\\/#\\\/schema\\\/logo\\\/image\\\/\",\"url\":\"https:\\\/\\\/www.ilpomodoropetti.com\\\/wp-content\\\/uploads\\\/2016\\\/12\\\/illogo_petti.png\",\"contentUrl\":\"https:\\\/\\\/www.ilpomodoropetti.com\\\/wp-content\\\/uploads\\\/2016\\\/12\\\/illogo_petti.png\",\"width\":122,\"height\":109,\"caption\":\"Petti - Il pomodoro al centro\"},\"image\":{\"@id\":\"https:\\\/\\\/www.ilpomodoropetti.com\\\/#\\\/schema\\\/logo\\\/image\\\/\"},\"sameAs\":[\"https:\\\/\\\/www.facebook.com\\\/PettiPomodoro\\\/\",\"https:\\\/\\\/x.com\\\/pettipomodoro\",\"https:\\\/\\\/www.instagram.com\\\/pettipomodoro\\\/\",\"https:\\\/\\\/www.youtube.com\\\/channel\\\/UCzM1Ud4-dDEZAYDQwKi9AlQ\\\/\"]}]}<\/script>\n<!-- \/ Yoast SEO plugin. -->","yoast_head_json":{"title":"La Completa - Il pomodoro Petti","robots":{"index":"index","follow":"follow","max-snippet":"max-snippet:-1","max-image-preview":"max-image-preview:large","max-video-preview":"max-video-preview:-1"},"canonical":"https:\/\/www.ilpomodoropetti.com\/retail\/passate-di-pomodoro\/la-completa\/","og_locale":"fr_FR","og_type":"article","og_title":"La Completa - Il pomodoro Petti","og_description":"[vc_row type=\u00a0\u00bbvc_default\u00a0\u00bb full_width=\u00a0\u00bbstretch_row\u00a0\u00bb equal_height=\u00a0\u00bbyes\u00a0\u00bb content_placement=\u00a0\u00bbmiddle\u00a0\u00bb bg_color=\u00a0\u00bb#f5f5ef\u00a0\u00bb bg_type=\u00a0\u00bbbg_color\u00a0\u00bb bg_override=\u00a0\u00bbfull\u00a0\u00bb css=\u00a0\u00bb.vc_custom_1482857860865{padding-top: 25px !important;padding-bottom: 25px !important;background-color: #f5f5ef !important;}\u00a0\u00bb bg_color_value=\u00a0\u00bb#f5f5ef\u00a0\u00bb][vc_column width=\u00a0\u00bb1\/2&Prime; el_class=\u00a0\u00bbprod_firstimg\u00a0\u00bb offset=\u00a0\u00bbvc_col-lg-4 vc_col-md-6 vc_col-xs-12&Prime;][vc_single_image image=\u00a0\u00bb19603&Prime; img_size=\u00a0\u00bbfull\u00a0\u00bb el_class=\u00a0\u00bbprodotto\u00a0\u00bb][\/vc_column][vc_column width=\u00a0\u00bb1\/2&Prime; css=\u00a0\u00bb.vc_custom_1484302940741{padding-right: 15px !important;}\u00a0\u00bb el_class=\u00a0\u00bbproddescc\u00a0\u00bb offset=\u00a0\u00bbvc_col-lg-4 vc_col-md-6 vc_col-xs-12&Prime;][vc_custom_heading text=\u00a0\u00bbpur\u00e8e de tomates\u00a0\u00bb font_container=\u00a0\u00bbtag:h5|text_align:center|color:%23b33736&Prime; google_fonts=\u00a0\u00bbfont_family:Playfair%20Display%3Aregular%2Citalic%2C700%2C700italic%2C900%2C900italic|font_style:900%20bold%20regular%3A900%3Anormal\u00a0\u00bb css=\u00a0\u00bb.vc_custom_1484306059027{margin-bottom: 0px !important;}\u00a0\u00bb][vc_custom_heading text=\u00a0\u00bbLa completa\u00a0\u00bb font_container=\u00a0\u00bbtag:h1|font_size:42px|text_align:center|color:%23252525|line_height:50px\u00a0\u00bb google_fonts=\u00a0\u00bbfont_family:Playfair%20Display%3Aregular%2Citalic%2C700%2C700italic%2C900%2C900italic|font_style:900%20bold%20regular%3A900%3Anormal\u00a0\u00bb css=\u00a0\u00bb.vc_custom_1740577982592{margin-bottom: 0px !important;}\u00a0\u00bb][vc_custom_heading text=\u00a0\u00bbPASSATA AI 6 POMODORI\u00a0\u00bb font_container=\u00a0\u00bbtag:h2|font_size:14px|text_align:center|color:%23252525|line_height:24px\u00a0\u00bb use_theme_fonts=\u00a0\u00bbyes\u00a0\u00bb css=\u00a0\u00bb.vc_custom_1740577967674{margin-bottom: 15px&hellip;","og_url":"https:\/\/www.ilpomodoropetti.com\/retail\/passate-di-pomodoro\/la-completa\/","og_site_name":"Il pomodoro Petti","article_publisher":"https:\/\/www.facebook.com\/PettiPomodoro\/","article_modified_time":"2026-03-12T22:30:59+00:00","og_image":[{"url":"https:\/\/www.ilpomodoropetti.com\/wp-content\/uploads\/2016\/12\/freccia_petti.png","type":"","width":"","height":""}],"twitter_card":"summary_large_image","twitter_site":"@pettipomodoro","twitter_misc":{"Dur\u00e9e de lecture estim\u00e9e":"3 minutes"},"schema":{"@context":"https:\/\/schema.org","@graph":[{"@type":"WebPage","@id":"https:\/\/www.ilpomodoropetti.com\/retail\/passate-di-pomodoro\/la-completa\/","url":"https:\/\/www.ilpomodoropetti.com\/retail\/passate-di-pomodoro\/la-completa\/","name":"La Completa - Il pomodoro Petti","isPartOf":{"@id":"https:\/\/www.ilpomodoropetti.com\/#website"},"primaryImageOfPage":{"@id":"https:\/\/www.ilpomodoropetti.com\/retail\/passate-di-pomodoro\/la-completa\/#primaryimage"},"image":{"@id":"https:\/\/www.ilpomodoropetti.com\/retail\/passate-di-pomodoro\/la-completa\/#primaryimage"},"thumbnailUrl":"https:\/\/www.ilpomodoropetti.com\/wp-content\/uploads\/2016\/12\/freccia_petti.png","datePublished":"2025-02-26T16:14:36+00:00","dateModified":"2026-03-12T22:30:59+00:00","breadcrumb":{"@id":"https:\/\/www.ilpomodoropetti.com\/retail\/passate-di-pomodoro\/la-completa\/#breadcrumb"},"inLanguage":"fr-FR","potentialAction":[{"@type":"ReadAction","target":["https:\/\/www.ilpomodoropetti.com\/retail\/passate-di-pomodoro\/la-completa\/"]}]},{"@type":"ImageObject","inLanguage":"fr-FR","@id":"https:\/\/www.ilpomodoropetti.com\/retail\/passate-di-pomodoro\/la-completa\/#primaryimage","url":"https:\/\/www.ilpomodoropetti.com\/wp-content\/uploads\/2016\/12\/freccia_petti.png","contentUrl":"https:\/\/www.ilpomodoropetti.com\/wp-content\/uploads\/2016\/12\/freccia_petti.png"},{"@type":"BreadcrumbList","@id":"https:\/\/www.ilpomodoropetti.com\/retail\/passate-di-pomodoro\/la-completa\/#breadcrumb","itemListElement":[{"@type":"ListItem","position":1,"name":"Home","item":"https:\/\/www.ilpomodoropetti.com\/fr\/"},{"@type":"ListItem","position":2,"name":"Retail","item":"https:\/\/www.ilpomodoropetti.com\/fr\/retail\/"},{"@type":"ListItem","position":3,"name":"Pur\u00e9e de tomates","item":"https:\/\/www.ilpomodoropetti.com\/retail\/passate-di-pomodoro\/"},{"@type":"ListItem","position":4,"name":"La Completa"}]},{"@type":"WebSite","@id":"https:\/\/www.ilpomodoropetti.com\/#website","url":"https:\/\/www.ilpomodoropetti.com\/","name":"Il pomodoro Petti","description":"Passate, Polpe, Concentrat, Bio, 100% Toscano","publisher":{"@id":"https:\/\/www.ilpomodoropetti.com\/#organization"},"potentialAction":[{"@type":"SearchAction","target":{"@type":"EntryPoint","urlTemplate":"https:\/\/www.ilpomodoropetti.com\/?s={search_term_string}"},"query-input":{"@type":"PropertyValueSpecification","valueRequired":true,"valueName":"search_term_string"}}],"inLanguage":"fr-FR"},{"@type":"Organization","@id":"https:\/\/www.ilpomodoropetti.com\/#organization","name":"Petti - Il pomodoro al centro","url":"https:\/\/www.ilpomodoropetti.com\/","logo":{"@type":"ImageObject","inLanguage":"fr-FR","@id":"https:\/\/www.ilpomodoropetti.com\/#\/schema\/logo\/image\/","url":"https:\/\/www.ilpomodoropetti.com\/wp-content\/uploads\/2016\/12\/illogo_petti.png","contentUrl":"https:\/\/www.ilpomodoropetti.com\/wp-content\/uploads\/2016\/12\/illogo_petti.png","width":122,"height":109,"caption":"Petti - Il pomodoro al centro"},"image":{"@id":"https:\/\/www.ilpomodoropetti.com\/#\/schema\/logo\/image\/"},"sameAs":["https:\/\/www.facebook.com\/PettiPomodoro\/","https:\/\/x.com\/pettipomodoro","https:\/\/www.instagram.com\/pettipomodoro\/","https:\/\/www.youtube.com\/channel\/UCzM1Ud4-dDEZAYDQwKi9AlQ\/"]}]}},"_links":{"self":[{"href":"https:\/\/www.ilpomodoropetti.com\/fr\/wp-json\/wp\/v2\/pages\/18771","targetHints":{"allow":["GET"]}}],"collection":[{"href":"https:\/\/www.ilpomodoropetti.com\/fr\/wp-json\/wp\/v2\/pages"}],"about":[{"href":"https:\/\/www.ilpomodoropetti.com\/fr\/wp-json\/wp\/v2\/types\/page"}],"author":[{"embeddable":true,"href":"https:\/\/www.ilpomodoropetti.com\/fr\/wp-json\/wp\/v2\/users\/10"}],"replies":[{"embeddable":true,"href":"https:\/\/www.ilpomodoropetti.com\/fr\/wp-json\/wp\/v2\/comments?post=18771"}],"version-history":[{"count":17,"href":"https:\/\/www.ilpomodoropetti.com\/fr\/wp-json\/wp\/v2\/pages\/18771\/revisions"}],"predecessor-version":[{"id":19608,"href":"https:\/\/www.ilpomodoropetti.com\/fr\/wp-json\/wp\/v2\/pages\/18771\/revisions\/19608"}],"up":[{"embeddable":true,"href":"https:\/\/www.ilpomodoropetti.com\/fr\/wp-json\/wp\/v2\/pages\/6355"}],"wp:attachment":[{"href":"https:\/\/www.ilpomodoropetti.com\/fr\/wp-json\/wp\/v2\/media?parent=18771"}],"curies":[{"name":"wp","href":"https:\/\/api.w.org\/{rel}","templated":true}]}}