{"id":6424,"date":"2017-01-17T15:45:07","date_gmt":"2017-01-17T14:45:07","guid":{"rendered":"https:\/\/www.ilpomodoropetti.com\/\/il-ketchup\/?lang=fr"},"modified":"2017-06-13T10:33:56","modified_gmt":"2017-06-13T08:33:56","slug":"ketchups","status":"publish","type":"page","link":"https:\/\/www.ilpomodoropetti.com\/fr\/ketchups\/","title":{"rendered":"Ketchup"},"content":{"rendered":"<div class=\"wpb-content-wrapper\"><p>[vc_row type=\u00a0\u00bbvc_default\u00a0\u00bb full_width=\u00a0\u00bbstretch_row\u00a0\u00bb equal_height=\u00a0\u00bbyes\u00a0\u00bb content_placement=\u00a0\u00bbmiddle\u00a0\u00bb css=\u00a0\u00bb.vc_custom_1487780384380{background-image: url(https:\/\/www.ilpomodoropetti.com\/wp-content\/uploads\/2017\/01\/slider_categoria_ketchup.jpg?id=3592) !important;background-position: center !important;background-repeat: no-repeat !important;background-size: cover !important;}\u00a0\u00bb el_class=\u00a0\u00bbhead-retail-title\u00a0\u00bb][vc_column][vc_custom_heading text=\u00a0\u00bbKetchup\u00a0\u00bb font_container=\u00a0\u00bbtag:h1|font_size:42px|text_align:center|color:%23ffffff|line_height:50px\u00a0\u00bb google_fonts=\u00a0\u00bbfont_family:Playfair%20Display%3Aregular%2Citalic%2C700%2C700italic%2C900%2C900italic|font_style:700%20bold%20regular%3A700%3Anormal\u00a0\u00bb][vc_column_text el_class=\u00a0\u00bbback-center\u00a0\u00bb]<a class=\"back_link\" href=\"https:\/\/www.ilpomodoropetti.com\/fr\/retail\/\"><img loading=\"lazy\" decoding=\"async\" class=\"size-full wp-image-1672\" src=\"https:\/\/www.ilpomodoropetti.com\/wp-content\/uploads\/2016\/12\/freccia_petti.png\" alt=\"\" width=\"29\" height=\"30\" \/><strong>Revenir \u00e0 Retail<\/strong><\/a>[\/vc_column_text][\/vc_column][\/vc_row][vc_row type=\u00a0\u00bbvc_default\u00a0\u00bb full_width=\u00a0\u00bbstretch_row_content_no_spaces\u00a0\u00bb gap=\u00a0\u00bb10&Prime; equal_height=\u00a0\u00bbyes\u00a0\u00bb content_placement=\u00a0\u00bbtop\u00a0\u00bb margin_top=\u00a0\u00bb-50&Prime; full_width_row=\u00a0\u00bbtrue\u00a0\u00bb bg_color=\u00a0\u00bb#f3f3eb\u00a0\u00bb css=\u00a0\u00bb.vc_custom_1487780281659{padding-top: 10px !important;padding-bottom: 0px !important;background-color: #f3f3eb !important;}\u00a0\u00bb][vc_column width=\u00a0\u00bb1\/3&Prime; css=\u00a0\u00bb.vc_custom_1483954778609{padding-right: 12px !important;padding-bottom: 0px !important;padding-left: 12px !important;background-color: #eaeadc !important;}\u00a0\u00bb][vc_empty_space height=\u00a0\u00bb40px\u00a0\u00bb][vc_row_inner][vc_column_inner width=\u00a0\u00bb1\/3&Prime;][vc_single_image image=\u00a0\u00bb3732&Prime; img_size=\u00a0\u00bb277 \u00d7 430&Prime; alignment=\u00a0\u00bbcenter\u00a0\u00bb][\/vc_column_inner][vc_column_inner width=\u00a0\u00bb2\/3&Prime;][vc_column_text]<\/p>\n<p style=\"font-family: Titillium Web; font-size: 12px; font-weight: 600; color: #b33736; letter-spacing: 2px; margin-top: 25px; margin-bottom: -3px !important;\">KETCHUPS<\/p>\n<h3 style=\"text-align: left;\"><strong><span style=\"color: #252525;\">Il ketchup<\/span><\/strong><\/h3>\n<p style=\"text-align: left; color: #000000; margin-bottom: -10px !important;\">Le Ketchup Petti est 100% naturel, produit uniquement avec tomate toscane, dont il conserve la saveur et la couleur, avec une recette&#8230;<\/p>\n<p>[\/vc_column_text]<style type=\"text\/css\">#dt-btn-1 {color: #76020d;}#dt-btn-1 > .text-wrap * {color: #76020d;}#dt-btn-1:hover {color: #ffffff;background: #76020d;}#dt-btn-1:hover > .text-wrap * {color: #ffffff;}<\/style><a href=\"https:\/\/www.ilpomodoropetti.com\/fr\/ketchup\/\" class=\"btn-shortcode dt-btn-m dt-btn custom-btn-color custom-btn-hover-color default-btn-bg-color bottone\" id=\"dt-btn-1\"><span>D\u00c9COUVRIR<\/span><\/a>[\/vc_column_inner][\/vc_row_inner][\/vc_column][vc_column width=\u00a0\u00bb1\/3&Prime; css=\u00a0\u00bb.vc_custom_1483954799742{padding-right: 12px !important;padding-bottom: 0px !important;padding-left: 12px !important;background-color: #eaeadc !important;}\u00a0\u00bb][vc_empty_space height=\u00a0\u00bb40px\u00a0\u00bb][vc_row_inner][vc_column_inner width=\u00a0\u00bb1\/3&Prime;][vc_single_image image=\u00a0\u00bb3733&Prime; img_size=\u00a0\u00bb 277 \u00d7 409&Prime; alignment=\u00a0\u00bbcenter\u00a0\u00bb][\/vc_column_inner][vc_column_inner width=\u00a0\u00bb2\/3&Prime;][vc_column_text]<\/p>\n<p style=\"font-family: Titillium Web; font-size: 12px; font-weight: 600; color: #b33736; letter-spacing: 2px; margin-top: 25px; margin-bottom: -3px !important;\">KETCHUPS<\/p>\n<h3 style=\"text-align: left;\"><strong><span style=\"color: #252525;\">Il ketchup\u00a0Bio<\/span><\/strong><\/h3>\n<p style=\"text-align: left; color: #000000; margin-bottom: -10px !important;\">Le Ketchup Petti est 100% naturel, produit uniquement avec tomate toscane, dont il conserve la saveur et la couleur, avec une recette&#8230;<\/p>\n<p>[\/vc_column_text]<style type=\"text\/css\">#dt-btn-2 {color: #76020d;}#dt-btn-2 > .text-wrap * {color: #76020d;}#dt-btn-2:hover {color: #ffffff;background: #76020d;}#dt-btn-2:hover > .text-wrap * {color: #ffffff;}<\/style><a href=\"https:\/\/www.ilpomodoropetti.com\/fr\/ketchup-bio\/\" class=\"btn-shortcode dt-btn-m dt-btn custom-btn-color custom-btn-hover-color default-btn-bg-color\" id=\"dt-btn-2\"><span>D\u00c9COUVRIR<\/span><\/a>[\/vc_column_inner][\/vc_row_inner][\/vc_column][\/vc_row][vc_row type=\u00a0\u00bbvc_default\u00a0\u00bb full_width=\u00a0\u00bbstretch_row\u00a0\u00bb equal_height=\u00a0\u00bbyes\u00a0\u00bb content_placement=\u00a0\u00bbmiddle\u00a0\u00bb css=\u00a0\u00bb.vc_custom_1486142648976{padding-top: 10% !important;padding-bottom: 10% !important;}\u00a0\u00bb el_class=\u00a0\u00bbricette-row\u00a0\u00bb][vc_column offset=\u00a0\u00bbvc_col-md-6&Prime;][vc_custom_heading text=\u00a0\u00bbD\u00e9couvrez les recettes conseill\u00e9es\u00a0\u00bb font_container=\u00a0\u00bbtag:h3|text_align:left|color:%23252525&Prime; use_theme_fonts=\u00a0\u00bbyes\u00a0\u00bb][vc_empty_space height=\u00a0\u00bb10px\u00a0\u00bb][vc_column_text el_class=\u00a0\u00bbline-red-left\u00a0\u00bb]Des entr\u00e9es traditionnelles aux recettes plus exotiques et gourmandes, des plats pratiques et rapides pour ceux qui n\u2019ont pas beaucoup de temps \u00e0 consacrer aux fourneaux en passant par des menus concoct\u00e9s par des sp\u00e9cialistes et passionn\u00e9s de cuisine. Coulis et pur\u00e9es classiques et sp\u00e9ciaux, pulpes concass\u00e9es, concentr\u00e9s et une enti\u00e8re ligne de Sp\u00e9cialit\u00e9s \u00e0 base de tomates dattes biologiques toscanes, la vaste gamme de produits Petti satisfait toutes les exigences et palais. Nous vous expliquons comment mettre en valeur au mieux les caract\u00e9ristiques de chaque produit pour une alimentation saine et vari\u00e9e.<br \/>\n[\/vc_column_text]<style type=\"text\/css\">#dt-btn-3 {color: #7e1e10;border-color: #7e1e10;}#dt-btn-3 > .text-wrap * {color: #7e1e10;}#dt-btn-3:hover {color: #ffffff;background: #7e1e10;border-color: #7e1e10;}#dt-btn-3:hover > .text-wrap * {color: #ffffff;}<\/style><a href=\"https:\/\/www.ilpomodoropetti.com\/fr\/recettes\/\" class=\"btn-shortcode dt-btn-s dt-btn outline-bg-btn custom-btn-color custom-btn-hover-color\" id=\"dt-btn-3\"><span>D\u00c9COUVRIR<\/span><\/a>[\/vc_column][vc_column width=\u00a0\u00bb1\/2&Prime;][\/vc_column][\/vc_row][vc_row type=\u00a0\u00bbvc_default\u00a0\u00bb full_width=\u00a0\u00bbstretch_row\u00a0\u00bb equal_height=\u00a0\u00bbyes\u00a0\u00bb content_placement=\u00a0\u00bbmiddle\u00a0\u00bb css=\u00a0\u00bb.vc_custom_1492535859163{padding-top: 5% !important;padding-bottom: 5% !important;}\u00a0\u00bb][vc_column][vc_custom_heading text=\u00a0\u00bbT\u00e9l\u00e9charger le catalogue complet\u00a0\u00bb font_container=\u00a0\u00bbtag:h4|text_align:center\u00a0\u00bb google_fonts=\u00a0\u00bbfont_family:Playfair%20Display%3Aregular%2Citalic%2C700%2C700italic%2C900%2C900italic|font_style:700%20bold%20regular%3A700%3Anormal\u00a0\u00bb css=\u00a0\u00bb.vc_custom_1492535765623{margin-bottom: 0px !important;padding-bottom: 0px !important;}\u00a0\u00bb][vc_column_text]<\/p>\n<p style=\"text-align: center;\">pour d\u00e9couvrir tous les produits de la ligne<br \/>\n<span style=\"color: #71010d;\"><strong>\u00ab\u00a0Petti &#8211; Il pomodoro al centro\u00a0\u00bb <\/strong><\/span><\/p>\n<p>[\/vc_column_text]<style type=\"text\/css\">#dt-btn-4 {color: #76020d;border-color: #76020d;}#dt-btn-4 > .text-wrap * {color: #76020d;}#dt-btn-4:hover {color: #ffffff;background: #76020d;border-color: #76020d;}#dt-btn-4:hover > .text-wrap * {color: #ffffff;}<\/style><div class=\"text-centered\"><a href=\"https:\/\/www.ilpomodoropetti.com\/wp-content\/uploads\/2024\/03\/Petti-Catalogo-Retail-2024.pdf\" class=\"btn-shortcode dt-btn-s dt-btn outline-bg-btn custom-btn-color custom-btn-hover-color\" id=\"dt-btn-4\"><span>T\u00c9L\u00c9CHARGER<\/span><\/a><\/div>[\/vc_column][\/vc_row][vc_row type=\u00a0\u00bbvc_default\u00a0\u00bb full_width=\u00a0\u00bbstretch_row_content_no_spaces\u00a0\u00bb equal_height=\u00a0\u00bbyes\u00a0\u00bb content_placement=\u00a0\u00bbmiddle\u00a0\u00bb full_width_row=\u00a0\u00bbtrue\u00a0\u00bb bg_type=\u00a0\u00bbimage\u00a0\u00bb parallax_style=\u00a0\u00bbvcpb-vz-jquery\u00a0\u00bb bg_image_new=\u00a0\u00bbid^2150|url^https:\/\/www.ilpomodoropetti.com\/wp-content\/uploads\/2024\/03\/allprodback-2024.jpg|caption^null|alt^null|title^allprodback|description^null\u00a0\u00bb parallax_sense=\u00a0\u00bb30&Prime; css=\u00a0\u00bb.vc_custom_1485854594091{padding-top: 0px !important;padding-right: 0px !important;padding-bottom: 0px !important;padding-left: 0px !important;}\u00a0\u00bb el_class=\u00a0\u00bbpara-back\u00a0\u00bb][vc_column css_animation=\u00a0\u00bbnone\u00a0\u00bb css=\u00a0\u00bb.vc_custom_1488989503443{padding-top: 0px !important;padding-bottom: 0px !important;}\u00a0\u00bb offset=\u00a0\u00bbvc_hidden-lg vc_hidden-md vc_hidden-sm vc_hidden-xs\u00a0\u00bb][vc_empty_space height=\u00a0\u00bb200px\u00a0\u00bb]<style type=\"text\/css\">#dt-btn-5 {color: #71010d;background: #ffffff;}#dt-btn-5 > .text-wrap * {color: #71010d;}#dt-btn-5:hover {background: #71010d;}<\/style><div class=\"text-centered\"><a href=\"https:\/\/www.japal.it\/it\/pomodoro-petti\" class=\"btn-shortcode dt-btn-m dt-btn custom-btn-color default-btn-hover-color\" target=\"_blank\" id=\"dt-btn-5\" rel=\"noopener\"><span>SHOP<\/span><\/a><\/div>[vc_empty_space height=\u00a0\u00bb25px\u00a0\u00bb][vc_column_text]<\/p>\n<h3 style=\"text-align: center;\"><span style=\"color: #ffffff;\">Achetez notre<\/span><br \/>\n<span style=\"color: #ffffff;\">produits en ligne<\/span><\/h3>\n<p>[\/vc_column_text][vc_empty_space height=\u00a0\u00bb200px\u00a0\u00bb][\/vc_column][\/vc_row]<\/p>\n<\/div>","protected":false},"excerpt":{"rendered":"<p>[vc_row type=\u00a0\u00bbvc_default\u00a0\u00bb full_width=\u00a0\u00bbstretch_row\u00a0\u00bb equal_height=\u00a0\u00bbyes\u00a0\u00bb content_placement=\u00a0\u00bbmiddle\u00a0\u00bb css=\u00a0\u00bb.vc_custom_1487780384380{background-image: url(https:\/\/www.ilpomodoropetti.com\/wp-content\/uploads\/2017\/01\/slider_categoria_ketchup.jpg?id=3592) !important;background-position: center !important;background-repeat: no-repeat !important;background-size: cover !important;}\u00a0\u00bb el_class=\u00a0\u00bbhead-retail-title\u00a0\u00bb][vc_column][vc_custom_heading text=\u00a0\u00bbKetchup\u00a0\u00bb font_container=\u00a0\u00bbtag:h1|font_size:42px|text_align:center|color:%23ffffff|line_height:50px\u00a0\u00bb google_fonts=\u00a0\u00bbfont_family:Playfair%20Display%3Aregular%2Citalic%2C700%2C700italic%2C900%2C900italic|font_style:700%20bold%20regular%3A700%3Anormal\u00a0\u00bb][vc_column_text el_class=\u00a0\u00bbback-center\u00a0\u00bb]Revenir \u00e0 Retail[\/vc_column_text][\/vc_column][\/vc_row][vc_row type=\u00a0\u00bbvc_default\u00a0\u00bb full_width=\u00a0\u00bbstretch_row_content_no_spaces\u00a0\u00bb gap=\u00a0\u00bb10&Prime; equal_height=\u00a0\u00bbyes\u00a0\u00bb content_placement=\u00a0\u00bbtop\u00a0\u00bb margin_top=\u00a0\u00bb-50&Prime; full_width_row=\u00a0\u00bbtrue\u00a0\u00bb bg_color=\u00a0\u00bb#f3f3eb\u00a0\u00bb css=\u00a0\u00bb.vc_custom_1487780281659{padding-top: 10px !important;padding-bottom: 0px !important;background-color: #f3f3eb !important;}\u00a0\u00bb][vc_column width=\u00a0\u00bb1\/3&Prime; css=\u00a0\u00bb.vc_custom_1483954778609{padding-right: 12px !important;padding-bottom: 0px !important;padding-left: 12px !important;background-color: #eaeadc !important;}\u00a0\u00bb][vc_empty_space height=\u00a0\u00bb40px\u00a0\u00bb][vc_row_inner][vc_column_inner width=\u00a0\u00bb1\/3&Prime;][vc_single_image image=\u00a0\u00bb3732&Prime; img_size=\u00a0\u00bb277 \u00d7 430&Prime; alignment=\u00a0\u00bbcenter\u00a0\u00bb][\/vc_column_inner][vc_column_inner width=\u00a0\u00bb2\/3&Prime;][vc_column_text] KETCHUPS&hellip;<\/p>\n","protected":false},"author":10,"featured_media":0,"parent":0,"menu_order":0,"comment_status":"closed","ping_status":"closed","template":"","meta":{"_acf_changed":false,"footnotes":""},"class_list":["post-6424","page","type-page","status-publish","hentry","description-off"],"acf":[],"yoast_head":"<!-- This site is optimized with the Yoast SEO plugin v27.5 - https:\/\/yoast.com\/product\/yoast-seo-wordpress\/ -->\n<title>Ketchup - Il pomodoro Petti<\/title>\n<meta name=\"robots\" content=\"index, follow, max-snippet:-1, max-image-preview:large, max-video-preview:-1\" \/>\n<link rel=\"canonical\" href=\"https:\/\/www.ilpomodoropetti.com\/fr\/ketchups\/\" \/>\n<meta property=\"og:locale\" content=\"fr_FR\" \/>\n<meta property=\"og:type\" content=\"article\" \/>\n<meta property=\"og:title\" content=\"Ketchup - Il pomodoro Petti\" \/>\n<meta property=\"og:description\" content=\"[vc_row type=\u00a0\u00bbvc_default\u00a0\u00bb full_width=\u00a0\u00bbstretch_row\u00a0\u00bb equal_height=\u00a0\u00bbyes\u00a0\u00bb content_placement=\u00a0\u00bbmiddle\u00a0\u00bb css=\u00a0\u00bb.vc_custom_1487780384380{background-image: url(https:\/\/www.ilpomodoropetti.com\/wp-content\/uploads\/2017\/01\/slider_categoria_ketchup.jpg?id=3592) !important;background-position: center !important;background-repeat: no-repeat !important;background-size: cover !important;}\u00a0\u00bb el_class=\u00a0\u00bbhead-retail-title\u00a0\u00bb][vc_column][vc_custom_heading text=\u00a0\u00bbKetchup\u00a0\u00bb font_container=\u00a0\u00bbtag:h1|font_size:42px|text_align:center|color:%23ffffff|line_height:50px\u00a0\u00bb google_fonts=\u00a0\u00bbfont_family:Playfair%20Display%3Aregular%2Citalic%2C700%2C700italic%2C900%2C900italic|font_style:700%20bold%20regular%3A700%3Anormal\u00a0\u00bb][vc_column_text el_class=\u00a0\u00bbback-center\u00a0\u00bb]Revenir \u00e0 Retail[\/vc_column_text][\/vc_column][\/vc_row][vc_row type=\u00a0\u00bbvc_default\u00a0\u00bb full_width=\u00a0\u00bbstretch_row_content_no_spaces\u00a0\u00bb gap=\u00a0\u00bb10&Prime; equal_height=\u00a0\u00bbyes\u00a0\u00bb content_placement=\u00a0\u00bbtop\u00a0\u00bb margin_top=\u00a0\u00bb-50&Prime; full_width_row=\u00a0\u00bbtrue\u00a0\u00bb bg_color=\u00a0\u00bb#f3f3eb\u00a0\u00bb css=\u00a0\u00bb.vc_custom_1487780281659{padding-top: 10px !important;padding-bottom: 0px !important;background-color: #f3f3eb !important;}\u00a0\u00bb][vc_column width=\u00a0\u00bb1\/3&Prime; css=\u00a0\u00bb.vc_custom_1483954778609{padding-right: 12px !important;padding-bottom: 0px !important;padding-left: 12px !important;background-color: #eaeadc !important;}\u00a0\u00bb][vc_empty_space height=\u00a0\u00bb40px\u00a0\u00bb][vc_row_inner][vc_column_inner width=\u00a0\u00bb1\/3&Prime;][vc_single_image image=\u00a0\u00bb3732&Prime; img_size=\u00a0\u00bb277 \u00d7 430&Prime; alignment=\u00a0\u00bbcenter\u00a0\u00bb][\/vc_column_inner][vc_column_inner width=\u00a0\u00bb2\/3&Prime;][vc_column_text] KETCHUPS&hellip;\" \/>\n<meta property=\"og:url\" content=\"https:\/\/www.ilpomodoropetti.com\/fr\/ketchups\/\" \/>\n<meta property=\"og:site_name\" content=\"Il pomodoro Petti\" \/>\n<meta property=\"article:publisher\" content=\"https:\/\/www.facebook.com\/PettiPomodoro\/\" \/>\n<meta property=\"article:modified_time\" content=\"2017-06-13T08:33:56+00:00\" \/>\n<meta property=\"og:image\" content=\"https:\/\/www.ilpomodoropetti.com\/wp-content\/uploads\/2016\/12\/freccia_petti.png\" \/>\n<meta name=\"twitter:card\" content=\"summary_large_image\" \/>\n<meta name=\"twitter:site\" content=\"@pettipomodoro\" \/>\n<meta name=\"twitter:label1\" content=\"Dur\u00e9e de lecture estim\u00e9e\" \/>\n\t<meta name=\"twitter:data1\" content=\"5 minutes\" \/>\n<script type=\"application\/ld+json\" class=\"yoast-schema-graph\">{\"@context\":\"https:\\\/\\\/schema.org\",\"@graph\":[{\"@type\":\"WebPage\",\"@id\":\"https:\\\/\\\/www.ilpomodoropetti.com\\\/fr\\\/ketchups\\\/\",\"url\":\"https:\\\/\\\/www.ilpomodoropetti.com\\\/fr\\\/ketchups\\\/\",\"name\":\"Ketchup - Il pomodoro Petti\",\"isPartOf\":{\"@id\":\"https:\\\/\\\/www.ilpomodoropetti.com\\\/#website\"},\"primaryImageOfPage\":{\"@id\":\"https:\\\/\\\/www.ilpomodoropetti.com\\\/fr\\\/ketchups\\\/#primaryimage\"},\"image\":{\"@id\":\"https:\\\/\\\/www.ilpomodoropetti.com\\\/fr\\\/ketchups\\\/#primaryimage\"},\"thumbnailUrl\":\"https:\\\/\\\/www.ilpomodoropetti.com\\\/wp-content\\\/uploads\\\/2016\\\/12\\\/freccia_petti.png\",\"datePublished\":\"2017-01-17T14:45:07+00:00\",\"dateModified\":\"2017-06-13T08:33:56+00:00\",\"breadcrumb\":{\"@id\":\"https:\\\/\\\/www.ilpomodoropetti.com\\\/fr\\\/ketchups\\\/#breadcrumb\"},\"inLanguage\":\"fr-FR\",\"potentialAction\":[{\"@type\":\"ReadAction\",\"target\":[\"https:\\\/\\\/www.ilpomodoropetti.com\\\/fr\\\/ketchups\\\/\"]}]},{\"@type\":\"ImageObject\",\"inLanguage\":\"fr-FR\",\"@id\":\"https:\\\/\\\/www.ilpomodoropetti.com\\\/fr\\\/ketchups\\\/#primaryimage\",\"url\":\"https:\\\/\\\/www.ilpomodoropetti.com\\\/wp-content\\\/uploads\\\/2016\\\/12\\\/freccia_petti.png\",\"contentUrl\":\"https:\\\/\\\/www.ilpomodoropetti.com\\\/wp-content\\\/uploads\\\/2016\\\/12\\\/freccia_petti.png\"},{\"@type\":\"BreadcrumbList\",\"@id\":\"https:\\\/\\\/www.ilpomodoropetti.com\\\/fr\\\/ketchups\\\/#breadcrumb\",\"itemListElement\":[{\"@type\":\"ListItem\",\"position\":1,\"name\":\"Home\",\"item\":\"https:\\\/\\\/www.ilpomodoropetti.com\\\/fr\\\/\"},{\"@type\":\"ListItem\",\"position\":2,\"name\":\"Ketchup\"}]},{\"@type\":\"WebSite\",\"@id\":\"https:\\\/\\\/www.ilpomodoropetti.com\\\/#website\",\"url\":\"https:\\\/\\\/www.ilpomodoropetti.com\\\/\",\"name\":\"Il pomodoro Petti\",\"description\":\"Passate, Polpe, Concentrat, Bio, 100% Toscano\",\"publisher\":{\"@id\":\"https:\\\/\\\/www.ilpomodoropetti.com\\\/#organization\"},\"potentialAction\":[{\"@type\":\"SearchAction\",\"target\":{\"@type\":\"EntryPoint\",\"urlTemplate\":\"https:\\\/\\\/www.ilpomodoropetti.com\\\/?s={search_term_string}\"},\"query-input\":{\"@type\":\"PropertyValueSpecification\",\"valueRequired\":true,\"valueName\":\"search_term_string\"}}],\"inLanguage\":\"fr-FR\"},{\"@type\":\"Organization\",\"@id\":\"https:\\\/\\\/www.ilpomodoropetti.com\\\/#organization\",\"name\":\"Petti - Il pomodoro al centro\",\"url\":\"https:\\\/\\\/www.ilpomodoropetti.com\\\/\",\"logo\":{\"@type\":\"ImageObject\",\"inLanguage\":\"fr-FR\",\"@id\":\"https:\\\/\\\/www.ilpomodoropetti.com\\\/#\\\/schema\\\/logo\\\/image\\\/\",\"url\":\"https:\\\/\\\/www.ilpomodoropetti.com\\\/wp-content\\\/uploads\\\/2016\\\/12\\\/illogo_petti.png\",\"contentUrl\":\"https:\\\/\\\/www.ilpomodoropetti.com\\\/wp-content\\\/uploads\\\/2016\\\/12\\\/illogo_petti.png\",\"width\":122,\"height\":109,\"caption\":\"Petti - Il pomodoro al centro\"},\"image\":{\"@id\":\"https:\\\/\\\/www.ilpomodoropetti.com\\\/#\\\/schema\\\/logo\\\/image\\\/\"},\"sameAs\":[\"https:\\\/\\\/www.facebook.com\\\/PettiPomodoro\\\/\",\"https:\\\/\\\/x.com\\\/pettipomodoro\",\"https:\\\/\\\/www.instagram.com\\\/pettipomodoro\\\/\",\"https:\\\/\\\/www.youtube.com\\\/channel\\\/UCzM1Ud4-dDEZAYDQwKi9AlQ\\\/\"]}]}<\/script>\n<!-- \/ Yoast SEO plugin. -->","yoast_head_json":{"title":"Ketchup - Il pomodoro Petti","robots":{"index":"index","follow":"follow","max-snippet":"max-snippet:-1","max-image-preview":"max-image-preview:large","max-video-preview":"max-video-preview:-1"},"canonical":"https:\/\/www.ilpomodoropetti.com\/fr\/ketchups\/","og_locale":"fr_FR","og_type":"article","og_title":"Ketchup - Il pomodoro Petti","og_description":"[vc_row type=\u00a0\u00bbvc_default\u00a0\u00bb full_width=\u00a0\u00bbstretch_row\u00a0\u00bb equal_height=\u00a0\u00bbyes\u00a0\u00bb content_placement=\u00a0\u00bbmiddle\u00a0\u00bb css=\u00a0\u00bb.vc_custom_1487780384380{background-image: url(https:\/\/www.ilpomodoropetti.com\/wp-content\/uploads\/2017\/01\/slider_categoria_ketchup.jpg?id=3592) !important;background-position: center !important;background-repeat: no-repeat !important;background-size: cover !important;}\u00a0\u00bb el_class=\u00a0\u00bbhead-retail-title\u00a0\u00bb][vc_column][vc_custom_heading text=\u00a0\u00bbKetchup\u00a0\u00bb font_container=\u00a0\u00bbtag:h1|font_size:42px|text_align:center|color:%23ffffff|line_height:50px\u00a0\u00bb google_fonts=\u00a0\u00bbfont_family:Playfair%20Display%3Aregular%2Citalic%2C700%2C700italic%2C900%2C900italic|font_style:700%20bold%20regular%3A700%3Anormal\u00a0\u00bb][vc_column_text el_class=\u00a0\u00bbback-center\u00a0\u00bb]Revenir \u00e0 Retail[\/vc_column_text][\/vc_column][\/vc_row][vc_row type=\u00a0\u00bbvc_default\u00a0\u00bb full_width=\u00a0\u00bbstretch_row_content_no_spaces\u00a0\u00bb gap=\u00a0\u00bb10&Prime; equal_height=\u00a0\u00bbyes\u00a0\u00bb content_placement=\u00a0\u00bbtop\u00a0\u00bb margin_top=\u00a0\u00bb-50&Prime; full_width_row=\u00a0\u00bbtrue\u00a0\u00bb bg_color=\u00a0\u00bb#f3f3eb\u00a0\u00bb css=\u00a0\u00bb.vc_custom_1487780281659{padding-top: 10px !important;padding-bottom: 0px !important;background-color: #f3f3eb !important;}\u00a0\u00bb][vc_column width=\u00a0\u00bb1\/3&Prime; css=\u00a0\u00bb.vc_custom_1483954778609{padding-right: 12px !important;padding-bottom: 0px !important;padding-left: 12px !important;background-color: #eaeadc !important;}\u00a0\u00bb][vc_empty_space height=\u00a0\u00bb40px\u00a0\u00bb][vc_row_inner][vc_column_inner width=\u00a0\u00bb1\/3&Prime;][vc_single_image image=\u00a0\u00bb3732&Prime; img_size=\u00a0\u00bb277 \u00d7 430&Prime; alignment=\u00a0\u00bbcenter\u00a0\u00bb][\/vc_column_inner][vc_column_inner width=\u00a0\u00bb2\/3&Prime;][vc_column_text] KETCHUPS&hellip;","og_url":"https:\/\/www.ilpomodoropetti.com\/fr\/ketchups\/","og_site_name":"Il pomodoro Petti","article_publisher":"https:\/\/www.facebook.com\/PettiPomodoro\/","article_modified_time":"2017-06-13T08:33:56+00:00","og_image":[{"url":"https:\/\/www.ilpomodoropetti.com\/wp-content\/uploads\/2016\/12\/freccia_petti.png","type":"","width":"","height":""}],"twitter_card":"summary_large_image","twitter_site":"@pettipomodoro","twitter_misc":{"Dur\u00e9e de lecture estim\u00e9e":"5 minutes"},"schema":{"@context":"https:\/\/schema.org","@graph":[{"@type":"WebPage","@id":"https:\/\/www.ilpomodoropetti.com\/fr\/ketchups\/","url":"https:\/\/www.ilpomodoropetti.com\/fr\/ketchups\/","name":"Ketchup - Il pomodoro Petti","isPartOf":{"@id":"https:\/\/www.ilpomodoropetti.com\/#website"},"primaryImageOfPage":{"@id":"https:\/\/www.ilpomodoropetti.com\/fr\/ketchups\/#primaryimage"},"image":{"@id":"https:\/\/www.ilpomodoropetti.com\/fr\/ketchups\/#primaryimage"},"thumbnailUrl":"https:\/\/www.ilpomodoropetti.com\/wp-content\/uploads\/2016\/12\/freccia_petti.png","datePublished":"2017-01-17T14:45:07+00:00","dateModified":"2017-06-13T08:33:56+00:00","breadcrumb":{"@id":"https:\/\/www.ilpomodoropetti.com\/fr\/ketchups\/#breadcrumb"},"inLanguage":"fr-FR","potentialAction":[{"@type":"ReadAction","target":["https:\/\/www.ilpomodoropetti.com\/fr\/ketchups\/"]}]},{"@type":"ImageObject","inLanguage":"fr-FR","@id":"https:\/\/www.ilpomodoropetti.com\/fr\/ketchups\/#primaryimage","url":"https:\/\/www.ilpomodoropetti.com\/wp-content\/uploads\/2016\/12\/freccia_petti.png","contentUrl":"https:\/\/www.ilpomodoropetti.com\/wp-content\/uploads\/2016\/12\/freccia_petti.png"},{"@type":"BreadcrumbList","@id":"https:\/\/www.ilpomodoropetti.com\/fr\/ketchups\/#breadcrumb","itemListElement":[{"@type":"ListItem","position":1,"name":"Home","item":"https:\/\/www.ilpomodoropetti.com\/fr\/"},{"@type":"ListItem","position":2,"name":"Ketchup"}]},{"@type":"WebSite","@id":"https:\/\/www.ilpomodoropetti.com\/#website","url":"https:\/\/www.ilpomodoropetti.com\/","name":"Il pomodoro Petti","description":"Passate, Polpe, Concentrat, Bio, 100% Toscano","publisher":{"@id":"https:\/\/www.ilpomodoropetti.com\/#organization"},"potentialAction":[{"@type":"SearchAction","target":{"@type":"EntryPoint","urlTemplate":"https:\/\/www.ilpomodoropetti.com\/?s={search_term_string}"},"query-input":{"@type":"PropertyValueSpecification","valueRequired":true,"valueName":"search_term_string"}}],"inLanguage":"fr-FR"},{"@type":"Organization","@id":"https:\/\/www.ilpomodoropetti.com\/#organization","name":"Petti - Il pomodoro al centro","url":"https:\/\/www.ilpomodoropetti.com\/","logo":{"@type":"ImageObject","inLanguage":"fr-FR","@id":"https:\/\/www.ilpomodoropetti.com\/#\/schema\/logo\/image\/","url":"https:\/\/www.ilpomodoropetti.com\/wp-content\/uploads\/2016\/12\/illogo_petti.png","contentUrl":"https:\/\/www.ilpomodoropetti.com\/wp-content\/uploads\/2016\/12\/illogo_petti.png","width":122,"height":109,"caption":"Petti - Il pomodoro al centro"},"image":{"@id":"https:\/\/www.ilpomodoropetti.com\/#\/schema\/logo\/image\/"},"sameAs":["https:\/\/www.facebook.com\/PettiPomodoro\/","https:\/\/x.com\/pettipomodoro","https:\/\/www.instagram.com\/pettipomodoro\/","https:\/\/www.youtube.com\/channel\/UCzM1Ud4-dDEZAYDQwKi9AlQ\/"]}]}},"_links":{"self":[{"href":"https:\/\/www.ilpomodoropetti.com\/fr\/wp-json\/wp\/v2\/pages\/6424","targetHints":{"allow":["GET"]}}],"collection":[{"href":"https:\/\/www.ilpomodoropetti.com\/fr\/wp-json\/wp\/v2\/pages"}],"about":[{"href":"https:\/\/www.ilpomodoropetti.com\/fr\/wp-json\/wp\/v2\/types\/page"}],"author":[{"embeddable":true,"href":"https:\/\/www.ilpomodoropetti.com\/fr\/wp-json\/wp\/v2\/users\/10"}],"replies":[{"embeddable":true,"href":"https:\/\/www.ilpomodoropetti.com\/fr\/wp-json\/wp\/v2\/comments?post=6424"}],"version-history":[{"count":13,"href":"https:\/\/www.ilpomodoropetti.com\/fr\/wp-json\/wp\/v2\/pages\/6424\/revisions"}],"predecessor-version":[{"id":8276,"href":"https:\/\/www.ilpomodoropetti.com\/fr\/wp-json\/wp\/v2\/pages\/6424\/revisions\/8276"}],"wp:attachment":[{"href":"https:\/\/www.ilpomodoropetti.com\/fr\/wp-json\/wp\/v2\/media?parent=6424"}],"curies":[{"name":"wp","href":"https:\/\/api.w.org\/{rel}","templated":true}]}}